{"id":5020,"date":"2021-09-01T11:51:16","date_gmt":"2021-09-01T11:51:16","guid":{"rendered":"http:\/\/167.99.47.234\/?page_id=5020"},"modified":"2021-12-08T22:26:41","modified_gmt":"2021-12-08T22:26:41","slug":"yritys","status":"publish","type":"page","link":"http:\/\/167.99.47.234\/index.php\/yritys\/","title":{"rendered":"Yritys"},"content":{"rendered":"\t\t<div data-elementor-type=\"wp-page\" data-elementor-id=\"5020\" class=\"elementor elementor-5020\" data-elementor-settings=\"[]\">\n\t\t\t\t\t\t\t<div class=\"elementor-section-wrap\">\n\t\t\t\t\t\t\t<section class=\"elementor-section elementor-top-section elementor-element elementor-element-56a80650 elementor-section-boxed elementor-section-height-default elementor-section-height-default\" data-id=\"56a80650\" data-element_type=\"section\" data-settings=\"{&quot;background_background&quot;:&quot;classic&quot;,&quot;shape_divider_bottom&quot;:&quot;triangle-asymmetrical&quot;,&quot;shape_divider_bottom_negative&quot;:&quot;yes&quot;}\">\n\t\t\t\t\t\t\t<div class=\"elementor-background-overlay\"><\/div>\n\t\t\t\t\t\t<div class=\"elementor-shape elementor-shape-bottom\" data-negative=\"true\">\n\t\t\t<svg xmlns=\"http:\/\/www.w3.org\/2000\/svg\" viewBox=\"0 0 1000 100\" preserveAspectRatio=\"none\">\n\t<path class=\"elementor-shape-fill\" d=\"M737.9,94.7L0,0v100h1000V0L737.9,94.7z\"\/>\n<\/svg>\t\t<\/div>\n\t\t\t\t\t<div class=\"elementor-container elementor-column-gap-default\">\n\t\t\t\t\t<div class=\"elementor-column elementor-col-100 elementor-top-column elementor-element elementor-element-40e44eb5\" data-id=\"40e44eb5\" data-element_type=\"column\" data-settings=\"{&quot;background_background&quot;:&quot;slideshow&quot;,&quot;background_slideshow_gallery&quot;:[],&quot;background_slideshow_loop&quot;:&quot;yes&quot;,&quot;background_slideshow_slide_duration&quot;:5000,&quot;background_slideshow_slide_transition&quot;:&quot;fade&quot;,&quot;background_slideshow_transition_duration&quot;:500}\">\n\t\t\t<div class=\"elementor-widget-wrap elementor-element-populated\">\n\t\t\t\t\t\t\t\t<div class=\"elementor-element elementor-element-6c16a3d elementor-widget elementor-widget-spacer\" data-id=\"6c16a3d\" data-element_type=\"widget\" data-widget_type=\"spacer.default\">\n\t\t\t\t<div class=\"elementor-widget-container\">\n\t\t\t\t\t<div class=\"elementor-spacer\">\n\t\t\t<div class=\"elementor-spacer-inner\"><\/div>\n\t\t<\/div>\n\t\t\t\t<\/div>\n\t\t\t\t<\/div>\n\t\t\t\t<div class=\"elementor-element elementor-element-2c48990c elementor-widget elementor-widget-heading\" data-id=\"2c48990c\" data-element_type=\"widget\" data-widget_type=\"heading.default\">\n\t\t\t\t<div class=\"elementor-widget-container\">\n\t\t\t<h1 class=\"elementor-heading-title elementor-size-xxl\">Betonivuori Oy<\/h1>\t\t<\/div>\n\t\t\t\t<\/div>\n\t\t\t\t<div class=\"elementor-element elementor-element-270c52a7 elementor-widget elementor-widget-text-editor\" data-id=\"270c52a7\" data-element_type=\"widget\" data-widget_type=\"text-editor.default\">\n\t\t\t\t<div class=\"elementor-widget-container\">\n\t\t\t\t\t\t\t<p><!-- wp:paragraph --><\/p>\n<p class=\"p1\"><span class=\"s1\">Toimintamme perustaan on valettu tahto olla paras kumppani asiakkaillemme ja luoda turvallinen ty\u00f6ymp\u00e4rist\u00f6 henkil\u00f6st\u00f6llemme \u2013 vuorenvarmasti.<\/span><\/p>\n<p><!-- \/wp:quote --><\/p>\n<p><!-- wp:paragraph --><\/p>\n<p><!-- \/wp:paragraph --><\/p>\t\t\t\t\t\t<\/div>\n\t\t\t\t<\/div>\n\t\t\t\t<div class=\"elementor-element elementor-element-72f50b7e elementor-widget elementor-widget-spacer\" data-id=\"72f50b7e\" data-element_type=\"widget\" data-widget_type=\"spacer.default\">\n\t\t\t\t<div class=\"elementor-widget-container\">\n\t\t\t\t\t<div class=\"elementor-spacer\">\n\t\t\t<div class=\"elementor-spacer-inner\"><\/div>\n\t\t<\/div>\n\t\t\t\t<\/div>\n\t\t\t\t<\/div>\n\t\t\t\t\t<\/div>\n\t\t<\/div>\n\t\t\t\t\t\t\t<\/div>\n\t\t<\/section>\n\t\t\t\t<section class=\"elementor-section elementor-top-section elementor-element elementor-element-1a607fda elementor-section-boxed elementor-section-height-default elementor-section-height-default elementor-invisible\" data-id=\"1a607fda\" data-element_type=\"section\" data-settings=\"{&quot;animation&quot;:&quot;fadeIn&quot;,&quot;background_background&quot;:&quot;classic&quot;}\">\n\t\t\t\t\t\t<div class=\"elementor-container elementor-column-gap-default\">\n\t\t\t\t\t<div class=\"elementor-column elementor-col-100 elementor-top-column elementor-element elementor-element-38a5c268\" data-id=\"38a5c268\" data-element_type=\"column\">\n\t\t\t<div class=\"elementor-widget-wrap elementor-element-populated\">\n\t\t\t\t\t\t\t\t<div class=\"elementor-element elementor-element-9fa46f0 elementor-widget elementor-widget-spacer\" data-id=\"9fa46f0\" data-element_type=\"widget\" data-widget_type=\"spacer.default\">\n\t\t\t\t<div class=\"elementor-widget-container\">\n\t\t\t\t\t<div class=\"elementor-spacer\">\n\t\t\t<div class=\"elementor-spacer-inner\"><\/div>\n\t\t<\/div>\n\t\t\t\t<\/div>\n\t\t\t\t<\/div>\n\t\t\t\t<div class=\"elementor-element elementor-element-cdeae5e elementor-widget elementor-widget-heading\" data-id=\"cdeae5e\" data-element_type=\"widget\" data-widget_type=\"heading.default\">\n\t\t\t\t<div class=\"elementor-widget-container\">\n\t\t\t<h2 class=\"elementor-heading-title elementor-size-default\">Betonirakentamisen suunnann\u00e4ytt\u00e4j\u00e4<\/h2>\t\t<\/div>\n\t\t\t\t<\/div>\n\t\t\t\t<div class=\"elementor-element elementor-element-2aac9258 elementor-widget elementor-widget-text-editor\" data-id=\"2aac9258\" data-element_type=\"widget\" data-widget_type=\"text-editor.default\">\n\t\t\t\t<div class=\"elementor-widget-container\">\n\t\t\t\t\t\t\t<p>Betonivuori Oy on vuonna 2011 perustettu<span style=\"letter-spacing: var( --e-global-typography-text-letter-spacing );\">\u00a0dynaaminen yritys yhdistettyn\u00e4 vuosien kokemukseen betonialalta. Teemme kaikenlaisia betonivaluja pienist\u00e4 muutaman neli\u00f6n porrasvaluista aina suuriin teollisuustilojen vaativiin pysty- ja vaakavaluihin mukaan lukien erilaiset lattiavalut. Asiakkaitamme ovat yht\u00e4 lailla omakotitalojen rakentajat kuin suuret rakennusliikkeetkin. Yhteisty\u00f6kumppaneina meill\u00e4 on alan parhaat osaajat.<\/span><\/p>\n<p>Meille asiakkaiden tyytyv\u00e4isyys on kunnia-asia ja haluamme olla asiakkaiden luottamuksen arvoisia. Teemme asiat kerralla kuntoon siten, ettei niit\u00e4 tarvitse tehd\u00e4 uudelleen. Ja jos jotain yll\u00e4tt\u00e4v\u00e4\u00e4 tapahtuu eik\u00e4 ty\u00f6mme laatu vastaa luvattua, olemme valmiit korjaamaan ty\u00f6mme j\u00e4ljen. Betonivuori Oy antaa ty\u00f6llens\u00e4 takuun.<\/p>\n<p><span style=\"letter-spacing: var( --e-global-typography-text-letter-spacing );\">Haluamme olla alamme paras toimija ja teemme sen eteen t\u00f6it\u00e4 joka p\u00e4iv\u00e4 pyrkim\u00e4ll\u00e4 kehitt\u00e4m\u00e4\u00e4n toimintaamme ja opettelemalla koko ajan uusia asioita. Olemme ylpeit\u00e4 osaavasta henkil\u00f6kunnastamme; he lunastavat ne lupaukset, jotka asiakkaillemme annamme.<\/span><\/p>\n<p>Kalustona meill\u00e4 on kuljetusautoja, kuljetuspumppuautoja eli pumeja 28-32 metrisill\u00e4 sek\u00e4 39-47 metrisill\u00e4 puomeilla varustettuja pumppuja. Betonin pumppaus onnistuu siten my\u00f6s haastaviin kerrostalokohteisiin tai muuten pidemm\u00e4ll\u00e4 oleviin betonivalukohteisiin tai suurempaa valunopeutta vaativimpiin ty\u00f6maakohteisiin.<\/p>\n<p>Kuulumme luonnollisesti\u00a0<a href=\"https:\/\/www.tilaajavastuu.fi\/\" target=\"_blank\" rel=\"noopener\"><b>Tilaajavastuu.fi<\/b><\/a>\u00a0-ohjelmaan ja olemme\u00a0<a href=\"http:\/\/www.avainlippu.fi\/\" target=\"_blank\" rel=\"noopener\"><b>Suomalaisen Ty\u00f6n Liiton<\/b><\/a>-j\u00e4sen ja sen Avainlippu-yritys.<\/p>\n<p>\u00a0<\/p>\n<h3><img loading=\"lazy\" decoding=\"async\" class=\"alignleft\" src=\"http:\/\/167.99.47.234\/wp-content\/uploads\/2021\/09\/sertifikaatit2-2.png\" alt=\"\" width=\"208\" height=\"80\" \/><\/h3>\t\t\t\t\t\t<\/div>\n\t\t\t\t<\/div>\n\t\t\t\t<div class=\"elementor-element elementor-element-eec94bf elementor-widget elementor-widget-spacer\" data-id=\"eec94bf\" data-element_type=\"widget\" data-widget_type=\"spacer.default\">\n\t\t\t\t<div class=\"elementor-widget-container\">\n\t\t\t\t\t<div class=\"elementor-spacer\">\n\t\t\t<div class=\"elementor-spacer-inner\"><\/div>\n\t\t<\/div>\n\t\t\t\t<\/div>\n\t\t\t\t<\/div>\n\t\t\t\t\t<\/div>\n\t\t<\/div>\n\t\t\t\t\t\t\t<\/div>\n\t\t<\/section>\n\t\t\t\t<section class=\"elementor-section elementor-top-section elementor-element elementor-element-63bd53a2 elementor-section-boxed elementor-section-height-default elementor-section-height-default elementor-invisible\" data-id=\"63bd53a2\" data-element_type=\"section\" data-settings=\"{&quot;animation_mobile&quot;:&quot;fadeIn&quot;,&quot;animation&quot;:&quot;fadeIn&quot;}\">\n\t\t\t\t\t\t<div class=\"elementor-container elementor-column-gap-default\">\n\t\t\t\t\t<div class=\"elementor-column elementor-col-50 elementor-top-column elementor-element elementor-element-39b5eb96\" data-id=\"39b5eb96\" data-element_type=\"column\">\n\t\t\t<div class=\"elementor-widget-wrap elementor-element-populated\">\n\t\t\t\t\t\t\t\t<div class=\"elementor-element elementor-element-6ec16a7b elementor-widget elementor-widget-image\" data-id=\"6ec16a7b\" data-element_type=\"widget\" data-widget_type=\"image.default\">\n\t\t\t\t<div class=\"elementor-widget-container\">\n\t\t\t\t\t\t\t\t\t\t\t\t\t\t\t<img decoding=\"async\" src=\"http:\/\/167.99.47.234\/wp-content\/uploads\/elementor\/thumbs\/IMG_2447-1024x643-1-pbketvc58k54dd9g95sh74039ctmvrzn69hty7rve0.jpeg\" title=\"IMG_2447-1024&#215;643\" alt=\"IMG_2447-1024x643\" \/>\t\t\t\t\t\t\t\t\t\t\t\t\t\t\t<\/div>\n\t\t\t\t<\/div>\n\t\t\t\t<div class=\"elementor-element elementor-element-22a56004 elementor-widget elementor-widget-heading\" data-id=\"22a56004\" data-element_type=\"widget\" data-widget_type=\"heading.default\">\n\t\t\t\t<div class=\"elementor-widget-container\">\n\t\t\t<h2 class=\"elementor-heading-title elementor-size-default\">Mahdollistamme vaativatkin rakennushankkeet<\/h2>\t\t<\/div>\n\t\t\t\t<\/div>\n\t\t\t\t<div class=\"elementor-element elementor-element-166814c7 elementor-widget elementor-widget-text-editor\" data-id=\"166814c7\" data-element_type=\"widget\" data-widget_type=\"text-editor.default\">\n\t\t\t\t<div class=\"elementor-widget-container\">\n\t\t\t\t\t\t\t<p class=\"p1\">Olemme auttaneet niin ammatti- kuin omakotirakentajia vuosikymmenen ajan toteuttamaan betonirakentamisen suunnitelmat todeksi. Suorituskykyisen kaluston, osaavan henkil\u00f6kunnan sek\u00e4 laajan kumppaniverkoston avulla pystymme toimittamaan eri betonirakentamisen ratkaisut kokonaisvaltaisesti eri ty\u00f6maille.<\/p>\t\t\t\t\t\t<\/div>\n\t\t\t\t<\/div>\n\t\t\t\t<div class=\"elementor-element elementor-element-3d94e99b elementor-mobile-align-left elementor-widget elementor-widget-button\" data-id=\"3d94e99b\" data-element_type=\"widget\" data-widget_type=\"button.default\">\n\t\t\t\t<div class=\"elementor-widget-container\">\n\t\t\t\t\t<div class=\"elementor-button-wrapper\">\n\t\t\t<a href=\"http:\/\/167.99.47.234\/index.php\/palvelut-ja-ratkaisut\/\" class=\"elementor-button-link elementor-button elementor-size-xs\" role=\"button\">\n\t\t\t\t\t\t<span class=\"elementor-button-content-wrapper\">\n\t\t\t\t\t\t<span class=\"elementor-button-text\">TUTUSTU PALVELUIHIMME<\/span>\n\t\t<\/span>\n\t\t\t\t\t<\/a>\n\t\t<\/div>\n\t\t\t\t<\/div>\n\t\t\t\t<\/div>\n\t\t\t\t\t<\/div>\n\t\t<\/div>\n\t\t\t\t<div class=\"elementor-column elementor-col-50 elementor-top-column elementor-element elementor-element-10380805\" data-id=\"10380805\" data-element_type=\"column\">\n\t\t\t<div class=\"elementor-widget-wrap elementor-element-populated\">\n\t\t\t\t\t\t\t\t<div class=\"elementor-element elementor-element-6aad64d elementor-widget elementor-widget-image\" data-id=\"6aad64d\" data-element_type=\"widget\" data-widget_type=\"image.default\">\n\t\t\t\t<div class=\"elementor-widget-container\">\n\t\t\t\t\t\t\t\t\t\t\t\t\t\t\t<img decoding=\"async\" src=\"http:\/\/167.99.47.234\/wp-content\/uploads\/elementor\/thumbs\/Betonivuori-strategia-missio-ja-visio-pcim6iummoq5nlf51yqq6fh8gcj8b8o4sq4rob8kvc.png\" title=\"Betonivuori strategia, missio ja visio\" alt=\"Betonivuori strategia, missio ja visio\" \/>\t\t\t\t\t\t\t\t\t\t\t\t\t\t\t<\/div>\n\t\t\t\t<\/div>\n\t\t\t\t<div class=\"elementor-element elementor-element-74e64506 elementor-widget elementor-widget-heading\" data-id=\"74e64506\" data-element_type=\"widget\" data-widget_type=\"heading.default\">\n\t\t\t\t<div class=\"elementor-widget-container\">\n\t\t\t<h2 class=\"elementor-heading-title elementor-size-default\">Tulevaisuuden strategia nojaa henkil\u00f6st\u00f6n hyvinvointiin sek\u00e4 toiminnan modernisointiin<\/h2>\t\t<\/div>\n\t\t\t\t<\/div>\n\t\t\t\t<div class=\"elementor-element elementor-element-54ca8ce6 elementor-widget elementor-widget-text-editor\" data-id=\"54ca8ce6\" data-element_type=\"widget\" data-widget_type=\"text-editor.default\">\n\t\t\t\t<div class=\"elementor-widget-container\">\n\t\t\t\t\t\t\t<p class=\"p1\">Olemme kiteytt\u00e4neet strategiamme tulevaisuuteen ja jalkautamme uutta toimintasuunnitelmaa vuoteen 2025 saakka. Tavoittenamme on kehitt\u00e4\u00e4 toimintaamme niin, ett\u00e4 henkil\u00f6st\u00f6n hyvinvointi, tuottamamme palvelun laatutaso ja asiakastyytyv\u00e4isyys ovat markkinoiden parasta.<\/p>\t\t\t\t\t\t<\/div>\n\t\t\t\t<\/div>\n\t\t\t\t<div class=\"elementor-element elementor-element-cb39a1d elementor-widget elementor-widget-button\" data-id=\"cb39a1d\" data-element_type=\"widget\" data-widget_type=\"button.default\">\n\t\t\t\t<div class=\"elementor-widget-container\">\n\t\t\t\t\t<div class=\"elementor-button-wrapper\">\n\t\t\t<a href=\"http:\/\/167.99.47.234\/index.php\/yritys\/visio-ja-strategia\/\" class=\"elementor-button-link elementor-button elementor-size-xs\" role=\"button\">\n\t\t\t\t\t\t<span class=\"elementor-button-content-wrapper\">\n\t\t\t\t\t\t<span class=\"elementor-button-text\">TUTUSTU STRATEGIAAMME<\/span>\n\t\t<\/span>\n\t\t\t\t\t<\/a>\n\t\t<\/div>\n\t\t\t\t<\/div>\n\t\t\t\t<\/div>\n\t\t\t\t\t<\/div>\n\t\t<\/div>\n\t\t\t\t\t\t\t<\/div>\n\t\t<\/section>\n\t\t\t\t<section class=\"elementor-section elementor-top-section elementor-element elementor-element-c26f567 elementor-section-boxed elementor-section-height-default elementor-section-height-default elementor-invisible\" data-id=\"c26f567\" data-element_type=\"section\" data-settings=\"{&quot;animation&quot;:&quot;fadeIn&quot;}\">\n\t\t\t\t\t\t<div class=\"elementor-container elementor-column-gap-default\">\n\t\t\t\t\t<div class=\"elementor-column elementor-col-100 elementor-top-column elementor-element elementor-element-51bdaae\" data-id=\"51bdaae\" data-element_type=\"column\">\n\t\t\t<div class=\"elementor-widget-wrap elementor-element-populated\">\n\t\t\t\t\t\t\t\t<div class=\"elementor-element elementor-element-548c978 elementor-widget elementor-widget-spacer\" data-id=\"548c978\" data-element_type=\"widget\" data-widget_type=\"spacer.default\">\n\t\t\t\t<div class=\"elementor-widget-container\">\n\t\t\t\t\t<div class=\"elementor-spacer\">\n\t\t\t<div class=\"elementor-spacer-inner\"><\/div>\n\t\t<\/div>\n\t\t\t\t<\/div>\n\t\t\t\t<\/div>\n\t\t\t\t\t<\/div>\n\t\t<\/div>\n\t\t\t\t\t\t\t<\/div>\n\t\t<\/section>\n\t\t\t\t<section class=\"elementor-section elementor-top-section elementor-element elementor-element-ec710a0 elementor-section-boxed elementor-section-height-default elementor-section-height-default\" data-id=\"ec710a0\" data-element_type=\"section\">\n\t\t\t\t\t\t<div class=\"elementor-container elementor-column-gap-default\">\n\t\t\t\t\t<div class=\"elementor-column elementor-col-100 elementor-top-column elementor-element elementor-element-6b2ec60\" data-id=\"6b2ec60\" data-element_type=\"column\">\n\t\t\t<div class=\"elementor-widget-wrap\">\n\t\t\t\t\t\t\t\t\t<\/div>\n\t\t<\/div>\n\t\t\t\t\t\t\t<\/div>\n\t\t<\/section>\n\t\t\t\t<section class=\"elementor-section elementor-top-section elementor-element elementor-element-2bb35632 elementor-section-boxed elementor-section-height-default elementor-section-height-default elementor-invisible\" data-id=\"2bb35632\" data-element_type=\"section\" data-settings=\"{&quot;animation&quot;:&quot;fadeIn&quot;,&quot;animation_mobile&quot;:&quot;fadeIn&quot;,&quot;background_background&quot;:&quot;gradient&quot;,&quot;shape_divider_top&quot;:&quot;triangle-asymmetrical&quot;,&quot;shape_divider_top_negative&quot;:&quot;yes&quot;}\">\n\t\t\t\t\t<div class=\"elementor-shape elementor-shape-top\" data-negative=\"true\">\n\t\t\t<svg xmlns=\"http:\/\/www.w3.org\/2000\/svg\" viewBox=\"0 0 1000 100\" preserveAspectRatio=\"none\">\n\t<path class=\"elementor-shape-fill\" d=\"M737.9,94.7L0,0v100h1000V0L737.9,94.7z\"\/>\n<\/svg>\t\t<\/div>\n\t\t\t\t\t<div class=\"elementor-container elementor-column-gap-default\">\n\t\t\t\t\t<div class=\"elementor-column elementor-col-100 elementor-top-column elementor-element elementor-element-6c6bf543\" data-id=\"6c6bf543\" data-element_type=\"column\">\n\t\t\t<div class=\"elementor-widget-wrap elementor-element-populated\">\n\t\t\t\t\t\t\t\t<div class=\"elementor-element elementor-element-51f0f852 elementor-widget elementor-widget-spacer\" data-id=\"51f0f852\" data-element_type=\"widget\" data-widget_type=\"spacer.default\">\n\t\t\t\t<div class=\"elementor-widget-container\">\n\t\t\t\t\t<div class=\"elementor-spacer\">\n\t\t\t<div class=\"elementor-spacer-inner\"><\/div>\n\t\t<\/div>\n\t\t\t\t<\/div>\n\t\t\t\t<\/div>\n\t\t\t\t<div class=\"elementor-element elementor-element-795ffc35 elementor-widget elementor-widget-heading\" data-id=\"795ffc35\" data-element_type=\"widget\" data-widget_type=\"heading.default\">\n\t\t\t\t<div class=\"elementor-widget-container\">\n\t\t\t<h2 class=\"elementor-heading-title elementor-size-default\">Pyyd\u00e4 tarjous projektillesi<\/h2>\t\t<\/div>\n\t\t\t\t<\/div>\n\t\t\t\t<div class=\"elementor-element elementor-element-6e913170 elementor-widget elementor-widget-text-editor\" data-id=\"6e913170\" data-element_type=\"widget\" data-widget_type=\"text-editor.default\">\n\t\t\t\t<div class=\"elementor-widget-container\">\n\t\t\t\t\t\t\t<p class=\"p1\">Tiedustele eri betoniratkaisuistamme tai kysy tarjous projektillesi. Olemme teihin yhteydess\u00e4 yhden arkip\u00e4iv\u00e4n sis\u00e4ll\u00e4.<\/p>\t\t\t\t\t\t<\/div>\n\t\t\t\t<\/div>\n\t\t\t\t<div class=\"elementor-element elementor-element-4b38a8d1 elementor-widget elementor-widget-spacer\" data-id=\"4b38a8d1\" data-element_type=\"widget\" data-widget_type=\"spacer.default\">\n\t\t\t\t<div class=\"elementor-widget-container\">\n\t\t\t\t\t<div class=\"elementor-spacer\">\n\t\t\t<div class=\"elementor-spacer-inner\"><\/div>\n\t\t<\/div>\n\t\t\t\t<\/div>\n\t\t\t\t<\/div>\n\t\t\t\t<div class=\"elementor-element elementor-element-67802770 elementor-widget elementor-widget-button\" data-id=\"67802770\" data-element_type=\"widget\" data-widget_type=\"button.default\">\n\t\t\t\t<div class=\"elementor-widget-container\">\n\t\t\t\t\t<div class=\"elementor-button-wrapper\">\n\t\t\t<a href=\"http:\/\/167.99.47.234\/index.php\/tarjouspyynto\/\" class=\"elementor-button-link elementor-button elementor-size-sm\" role=\"button\">\n\t\t\t\t\t\t<span class=\"elementor-button-content-wrapper\">\n\t\t\t\t\t\t<span class=\"elementor-button-text\">L\u00c4HET\u00c4 TARJOUSPYYNT\u00d6<\/span>\n\t\t<\/span>\n\t\t\t\t\t<\/a>\n\t\t<\/div>\n\t\t\t\t<\/div>\n\t\t\t\t<\/div>\n\t\t\t\t<div class=\"elementor-element elementor-element-482d1063 elementor-widget elementor-widget-spacer\" data-id=\"482d1063\" data-element_type=\"widget\" data-widget_type=\"spacer.default\">\n\t\t\t\t<div class=\"elementor-widget-container\">\n\t\t\t\t\t<div class=\"elementor-spacer\">\n\t\t\t<div class=\"elementor-spacer-inner\"><\/div>\n\t\t<\/div>\n\t\t\t\t<\/div>\n\t\t\t\t<\/div>\n\t\t\t\t\t<\/div>\n\t\t<\/div>\n\t\t\t\t\t\t\t<\/div>\n\t\t<\/section>\n\t\t\t\t\t\t<\/div>\n\t\t\t\t\t<\/div>\n\t\t","protected":false},"excerpt":{"rendered":"<p>Betonivuori Oy Toimintamme perustaan on valettu tahto olla paras kumppani asiakkaillemme ja luoda turvallinen ty\u00f6ymp\u00e4rist\u00f6 henkil\u00f6st\u00f6llemme \u2013 vuorenvarmasti. Betonirakentamisen suunnann\u00e4ytt\u00e4j\u00e4 Betonivuori Oy on vuonna 2011 perustettu\u00a0dynaaminen yritys yhdistettyn\u00e4 vuosien kokemukseen&#8230;<\/p>\n","protected":false},"author":1,"featured_media":4455,"parent":0,"menu_order":0,"comment_status":"closed","ping_status":"closed","template":"elementor_header_footer","meta":{"footnotes":""},"class_list":["post-5020","page","type-page","status-publish","has-post-thumbnail","hentry"],"_links":{"self":[{"href":"http:\/\/167.99.47.234\/index.php\/wp-json\/wp\/v2\/pages\/5020","targetHints":{"allow":["GET"]}}],"collection":[{"href":"http:\/\/167.99.47.234\/index.php\/wp-json\/wp\/v2\/pages"}],"about":[{"href":"http:\/\/167.99.47.234\/index.php\/wp-json\/wp\/v2\/types\/page"}],"author":[{"embeddable":true,"href":"http:\/\/167.99.47.234\/index.php\/wp-json\/wp\/v2\/users\/1"}],"replies":[{"embeddable":true,"href":"http:\/\/167.99.47.234\/index.php\/wp-json\/wp\/v2\/comments?post=5020"}],"version-history":[{"count":188,"href":"http:\/\/167.99.47.234\/index.php\/wp-json\/wp\/v2\/pages\/5020\/revisions"}],"predecessor-version":[{"id":6565,"href":"http:\/\/167.99.47.234\/index.php\/wp-json\/wp\/v2\/pages\/5020\/revisions\/6565"}],"wp:featuredmedia":[{"embeddable":true,"href":"http:\/\/167.99.47.234\/index.php\/wp-json\/wp\/v2\/media\/4455"}],"wp:attachment":[{"href":"http:\/\/167.99.47.234\/index.php\/wp-json\/wp\/v2\/media?parent=5020"}],"curies":[{"name":"wp","href":"https:\/\/api.w.org\/{rel}","templated":true}]}}