{"id":5062,"date":"2021-09-01T17:24:37","date_gmt":"2021-09-01T17:24:37","guid":{"rendered":"http:\/\/167.99.47.234\/?page_id=5062"},"modified":"2021-12-08T22:45:51","modified_gmt":"2021-12-08T22:45:51","slug":"betnonin-kuljetus","status":"publish","type":"page","link":"http:\/\/167.99.47.234\/index.php\/palvelut-ja-ratkaisut\/betnonin-kuljetus\/","title":{"rendered":"Betnonin kuljetus"},"content":{"rendered":"\t\t<div data-elementor-type=\"wp-page\" data-elementor-id=\"5062\" class=\"elementor elementor-5062\" data-elementor-settings=\"[]\">\n\t\t\t\t\t\t\t<div class=\"elementor-section-wrap\">\n\t\t\t\t\t\t\t<section class=\"elementor-section elementor-top-section elementor-element elementor-element-2e8fe0b elementor-section-boxed elementor-section-height-default elementor-section-height-default\" data-id=\"2e8fe0b\" data-element_type=\"section\" data-settings=\"{&quot;background_background&quot;:&quot;classic&quot;,&quot;shape_divider_bottom&quot;:&quot;triangle-asymmetrical&quot;,&quot;shape_divider_bottom_negative&quot;:&quot;yes&quot;}\">\n\t\t\t\t\t\t\t<div class=\"elementor-background-overlay\"><\/div>\n\t\t\t\t\t\t<div class=\"elementor-shape elementor-shape-bottom\" data-negative=\"true\">\n\t\t\t<svg xmlns=\"http:\/\/www.w3.org\/2000\/svg\" viewBox=\"0 0 1000 100\" preserveAspectRatio=\"none\">\n\t<path class=\"elementor-shape-fill\" d=\"M737.9,94.7L0,0v100h1000V0L737.9,94.7z\"\/>\n<\/svg>\t\t<\/div>\n\t\t\t\t\t<div class=\"elementor-container elementor-column-gap-default\">\n\t\t\t\t\t<div class=\"elementor-column elementor-col-100 elementor-top-column elementor-element elementor-element-1ca52c00\" data-id=\"1ca52c00\" data-element_type=\"column\" data-settings=\"{&quot;background_background&quot;:&quot;slideshow&quot;,&quot;background_slideshow_gallery&quot;:[],&quot;background_slideshow_loop&quot;:&quot;yes&quot;,&quot;background_slideshow_slide_duration&quot;:5000,&quot;background_slideshow_slide_transition&quot;:&quot;fade&quot;,&quot;background_slideshow_transition_duration&quot;:500}\">\n\t\t\t<div class=\"elementor-widget-wrap elementor-element-populated\">\n\t\t\t\t\t\t\t\t<div class=\"elementor-element elementor-element-5323b97f elementor-widget elementor-widget-spacer\" data-id=\"5323b97f\" data-element_type=\"widget\" data-widget_type=\"spacer.default\">\n\t\t\t\t<div class=\"elementor-widget-container\">\n\t\t\t\t\t<div class=\"elementor-spacer\">\n\t\t\t<div class=\"elementor-spacer-inner\"><\/div>\n\t\t<\/div>\n\t\t\t\t<\/div>\n\t\t\t\t<\/div>\n\t\t\t\t<div class=\"elementor-element elementor-element-3d8aebd4 elementor-widget elementor-widget-heading\" data-id=\"3d8aebd4\" data-element_type=\"widget\" data-widget_type=\"heading.default\">\n\t\t\t\t<div class=\"elementor-widget-container\">\n\t\t\t<h1 class=\"elementor-heading-title elementor-size-xxl\">Betonin kuljetus<\/h1>\t\t<\/div>\n\t\t\t\t<\/div>\n\t\t\t\t<div class=\"elementor-element elementor-element-6a955a74 elementor-widget elementor-widget-spacer\" data-id=\"6a955a74\" data-element_type=\"widget\" data-widget_type=\"spacer.default\">\n\t\t\t\t<div class=\"elementor-widget-container\">\n\t\t\t\t\t<div class=\"elementor-spacer\">\n\t\t\t<div class=\"elementor-spacer-inner\"><\/div>\n\t\t<\/div>\n\t\t\t\t<\/div>\n\t\t\t\t<\/div>\n\t\t\t\t\t<\/div>\n\t\t<\/div>\n\t\t\t\t\t\t\t<\/div>\n\t\t<\/section>\n\t\t\t\t<section class=\"elementor-section elementor-top-section elementor-element elementor-element-d5b3239 elementor-section-boxed elementor-section-height-default elementor-section-height-default elementor-invisible\" data-id=\"d5b3239\" data-element_type=\"section\" data-settings=\"{&quot;animation&quot;:&quot;fadeIn&quot;,&quot;background_background&quot;:&quot;classic&quot;}\">\n\t\t\t\t\t\t<div class=\"elementor-container elementor-column-gap-default\">\n\t\t\t\t\t<div class=\"elementor-column elementor-col-100 elementor-top-column elementor-element elementor-element-3ba27de\" data-id=\"3ba27de\" data-element_type=\"column\">\n\t\t\t<div class=\"elementor-widget-wrap elementor-element-populated\">\n\t\t\t\t\t\t\t\t<div class=\"elementor-element elementor-element-9af40b4 elementor-widget elementor-widget-text-editor\" data-id=\"9af40b4\" data-element_type=\"widget\" data-widget_type=\"text-editor.default\">\n\t\t\t\t<div class=\"elementor-widget-container\">\n\t\t\t\t\t\t\t<h3>Ty\u00f6maiden tarpeisiin betonia luotettavasti ja t\u00e4sm\u00e4llisesti aikataulussa<\/h3><p><span style=\"color: var(--very-dark-grey); font-family: var(--title-font); font-size: 0.875rem;\">Valmisbetonin kuljetus- ja pumppauskaluston valintaan vaikuttavat mm. seuraavat tekij\u00e4t:\u00a0<\/span><b style=\"letter-spacing: var( --e-global-typography-text-letter-spacing );\">massan ominaisuudet, v<\/b><b style=\"letter-spacing: var( --e-global-typography-text-letter-spacing );\">alukohde <\/b><span style=\"letter-spacing: var( --e-global-typography-text-letter-spacing );\">ja<\/span><b style=\"letter-spacing: var( --e-global-typography-text-letter-spacing );\"> k<\/b><b style=\"letter-spacing: var( --e-global-typography-text-letter-spacing );\">ustannukset<\/b><span style=\"letter-spacing: var( --e-global-typography-text-letter-spacing );\">.<\/span><\/p><p><span style=\"color: var( --e-global-color-text ); letter-spacing: var( --e-global-typography-text-letter-spacing );\">Massojen kuljetuksissa k\u00e4yt\u00e4mme omia kuljetuspumppuautojamme (pumi) sek\u00e4 sekoituss\u00e4ili\u00f6autoja. N\u00e4iss\u00e4 massa saadaan sekoitettua valua varten mahdollisimman tasaiseksi jo matkalla ty\u00f6maalle.<\/span><\/p><p><span style=\"color: var( --e-global-color-text ); letter-spacing: var( --e-global-typography-text-letter-spacing );\">Isoissa, yleens\u00e4 yli 6 m\u00b3 valuissa, oma pumimme saapuu ensimm\u00e4isen kuorman kanssa ty\u00f6maalle. Pumppauksen edetess\u00e4 kuljettajamme tilaa lis\u00e4\u00e4 betonia sit\u00e4 mukaa, mit\u00e4 ty\u00f6maalta pyydet\u00e4\u00e4n. Jatkokuormat tulevat sekoituss\u00e4ili\u00f6autoilla. Kokeneet kuljettajamme osaavat katsoa ajoissa massan riitt\u00e4vyyden ja pyrkiv\u00e4t ajoittamaan lis\u00e4tilauksen siten, ettei ty\u00f6maalla tule turhaa odottelua ja siten lis\u00e4kustannuksia.<\/span><\/p><p><span style=\"color: var( --e-global-color-text ); letter-spacing: var( --e-global-typography-text-letter-spacing );\">\u00a0<\/span><\/p><h3 style=\"font-family: var(--title-font);\">Kohteen olosuhteet<\/h3><p>Betonin tilaaja on velvollinen huolehtimaan siit\u00e4, ett\u00e4 ty\u00f6maa ja muut tiet ovat riitt\u00e4v\u00e4n leveit\u00e4 ja kantavia sek\u00e4 muutoin sellaisessa kunnossa, ett\u00e4 betonin kuljetuskalusto voi niill\u00e4 liikkua esteett\u00e4 aina betonin purkupaikalle asti. My\u00f6s pumin purkauspaikan alustan pit\u00e4\u00e4 olla riitt\u00e4v\u00e4n kova, ettei pumin tukijalka vajoa ja aiheuta pahimmillaan betoniauton kaatumista. Tilaaja on velvollinen korvaamaan toimittajalle aiheutuneet vahingot ja kustannukset.\u00a0<\/p><p>Kuljetuspumppuautomme ovat raskaita, t\u00e4ydell\u00e4 kuormalla n. 34 tonnia painavia 4-akselisia erikoisautoja. Yhteisty\u00f6kumppanimme s\u00e4ili\u00f6autot saattavat olla jopa 44-tonnisia 5-akselisia erikoisajoneuvoja, joten ajotien nousu saa olla enint\u00e4\u00e4n 10 % ja talvella ajotie on hiekoitettava. Purkupaikan on oltava tasainen ja k\u00e4\u00e4ntymistilaa pit\u00e4\u00e4 olla riitt\u00e4v\u00e4sti. Kuljetuspumppu- sek\u00e4 betonin kuljetusautojen k\u00e4\u00e4nt\u00f6s\u00e4de on noin 13 m.<\/p>\t\t\t\t\t\t<\/div>\n\t\t\t\t<\/div>\n\t\t\t\t<div class=\"elementor-element elementor-element-76990ac elementor-mobile-align-left elementor-widget elementor-widget-button\" data-id=\"76990ac\" data-element_type=\"widget\" data-widget_type=\"button.default\">\n\t\t\t\t<div class=\"elementor-widget-container\">\n\t\t\t\t\t<div class=\"elementor-button-wrapper\">\n\t\t\t<a href=\"http:\/\/167.99.47.234\/index.php\/tarjouspyynto\/\" class=\"elementor-button-link elementor-button elementor-size-sm\" role=\"button\">\n\t\t\t\t\t\t<span class=\"elementor-button-content-wrapper\">\n\t\t\t\t\t\t<span class=\"elementor-button-text\">TARJOUSPYYNT\u00d6<\/span>\n\t\t<\/span>\n\t\t\t\t\t<\/a>\n\t\t<\/div>\n\t\t\t\t<\/div>\n\t\t\t\t<\/div>\n\t\t\t\t\t<\/div>\n\t\t<\/div>\n\t\t\t\t\t\t\t<\/div>\n\t\t<\/section>\n\t\t\t\t<section class=\"elementor-section elementor-top-section elementor-element elementor-element-c26f567 elementor-section-boxed elementor-section-height-default elementor-section-height-default elementor-invisible\" data-id=\"c26f567\" data-element_type=\"section\" data-settings=\"{&quot;animation&quot;:&quot;fadeIn&quot;}\">\n\t\t\t\t\t\t<div class=\"elementor-container elementor-column-gap-default\">\n\t\t\t\t\t<div class=\"elementor-column elementor-col-100 elementor-top-column elementor-element elementor-element-51bdaae\" data-id=\"51bdaae\" data-element_type=\"column\">\n\t\t\t<div class=\"elementor-widget-wrap elementor-element-populated\">\n\t\t\t\t\t\t\t\t<div class=\"elementor-element elementor-element-548c978 elementor-widget elementor-widget-spacer\" data-id=\"548c978\" data-element_type=\"widget\" data-widget_type=\"spacer.default\">\n\t\t\t\t<div class=\"elementor-widget-container\">\n\t\t\t\t\t<div class=\"elementor-spacer\">\n\t\t\t<div class=\"elementor-spacer-inner\"><\/div>\n\t\t<\/div>\n\t\t\t\t<\/div>\n\t\t\t\t<\/div>\n\t\t\t\t\t<\/div>\n\t\t<\/div>\n\t\t\t\t\t\t\t<\/div>\n\t\t<\/section>\n\t\t\t\t<section class=\"elementor-section elementor-top-section elementor-element elementor-element-4fe17f45 elementor-section-boxed elementor-section-height-default elementor-section-height-default elementor-invisible\" data-id=\"4fe17f45\" data-element_type=\"section\" data-settings=\"{&quot;animation_mobile&quot;:&quot;fadeIn&quot;,&quot;animation&quot;:&quot;fadeIn&quot;}\">\n\t\t\t\t\t\t<div class=\"elementor-container elementor-column-gap-default\">\n\t\t\t\t\t<div class=\"elementor-column elementor-col-50 elementor-top-column elementor-element elementor-element-5e14ebe1\" data-id=\"5e14ebe1\" data-element_type=\"column\">\n\t\t\t<div class=\"elementor-widget-wrap elementor-element-populated\">\n\t\t\t\t\t\t\t\t<div class=\"elementor-element elementor-element-246a6fe3 elementor-widget elementor-widget-image\" data-id=\"246a6fe3\" data-element_type=\"widget\" data-widget_type=\"image.default\">\n\t\t\t\t<div class=\"elementor-widget-container\">\n\t\t\t\t\t\t\t\t\t\t\t\t\t\t\t\t<a href=\"http:\/\/167.99.47.234\/index.php\/2021\/10\/14\/vantaan-rasti-2\/\">\n\t\t\t\t\t\t\t<img decoding=\"async\" src=\"http:\/\/167.99.47.234\/wp-content\/uploads\/elementor\/thumbs\/Vantaan_Rasti_20.5.2021_1920x1080-pbzbmdm30dxplzc4paa5tn04d8s8vmy21p2csn4trc.jpg\" title=\"Vantaan_Rasti_20.5.2021_1920x1080\" alt=\"Vantaan_Rasti_20.5.2021_1920x1080\" \/>\t\t\t\t\t\t\t\t<\/a>\n\t\t\t\t\t\t\t\t\t\t\t\t\t\t\t<\/div>\n\t\t\t\t<\/div>\n\t\t\t\t<div class=\"elementor-element elementor-element-25449f8b elementor-widget elementor-widget-heading\" data-id=\"25449f8b\" data-element_type=\"widget\" data-widget_type=\"heading.default\">\n\t\t\t\t<div class=\"elementor-widget-container\">\n\t\t\t<h2 class=\"elementor-heading-title elementor-size-default\"><a href=\"http:\/\/167.99.47.234\/index.php\/2021\/10\/14\/vantaan-rasti-2\/\">Betonivuori mukana Vantaan Rastin kehitt\u00e4misess\u00e4<\/a><\/h2>\t\t<\/div>\n\t\t\t\t<\/div>\n\t\t\t\t<div class=\"elementor-element elementor-element-37eaf184 elementor-widget elementor-widget-button\" data-id=\"37eaf184\" data-element_type=\"widget\" data-widget_type=\"button.default\">\n\t\t\t\t<div class=\"elementor-widget-container\">\n\t\t\t\t\t<div class=\"elementor-button-wrapper\">\n\t\t\t<a href=\"http:\/\/167.99.47.234\/index.php\/2021\/10\/14\/vantaan-rasti-2\/\" class=\"elementor-button-link elementor-button elementor-size-xs\" role=\"button\">\n\t\t\t\t\t\t<span class=\"elementor-button-content-wrapper\">\n\t\t\t\t\t\t<span class=\"elementor-button-text\">LUE LIS\u00c4\u00c4<\/span>\n\t\t<\/span>\n\t\t\t\t\t<\/a>\n\t\t<\/div>\n\t\t\t\t<\/div>\n\t\t\t\t<\/div>\n\t\t\t\t\t<\/div>\n\t\t<\/div>\n\t\t\t\t<div class=\"elementor-column elementor-col-50 elementor-top-column elementor-element elementor-element-3447f61c\" data-id=\"3447f61c\" data-element_type=\"column\">\n\t\t\t<div class=\"elementor-widget-wrap elementor-element-populated\">\n\t\t\t\t\t\t\t\t<div class=\"elementor-element elementor-element-50214558 elementor-widget elementor-widget-image\" data-id=\"50214558\" data-element_type=\"widget\" data-widget_type=\"image.default\">\n\t\t\t\t<div class=\"elementor-widget-container\">\n\t\t\t\t\t\t\t\t\t\t\t\t\t\t\t\t<a href=\"http:\/\/167.99.47.234\/index.php\/2018\/10\/18\/jukkatalo\/\">\n\t\t\t\t\t\t\t<img decoding=\"async\" src=\"http:\/\/167.99.47.234\/wp-content\/uploads\/elementor\/thumbs\/Jukkatalo-pbzbo1rr5s8290wqy0aa97tmdwjqk9kvlytficnmp4.jpeg\" title=\"Jukkatalo\" alt=\"Jukkatalo\" \/>\t\t\t\t\t\t\t\t<\/a>\n\t\t\t\t\t\t\t\t\t\t\t\t\t\t\t<\/div>\n\t\t\t\t<\/div>\n\t\t\t\t<div class=\"elementor-element elementor-element-69277ac8 elementor-widget elementor-widget-heading\" data-id=\"69277ac8\" data-element_type=\"widget\" data-widget_type=\"heading.default\">\n\t\t\t\t<div class=\"elementor-widget-container\">\n\t\t\t<h2 class=\"elementor-heading-title elementor-size-default\"><a href=\"http:\/\/167.99.47.234\/index.php\/2018\/10\/18\/jukkatalo\/\">Jukkatalo ja Betonivuori yhteisty\u00f6h\u00f6n<\/a><\/h2>\t\t<\/div>\n\t\t\t\t<\/div>\n\t\t\t\t<div class=\"elementor-element elementor-element-63f3d1bc elementor-widget elementor-widget-button\" data-id=\"63f3d1bc\" data-element_type=\"widget\" data-widget_type=\"button.default\">\n\t\t\t\t<div class=\"elementor-widget-container\">\n\t\t\t\t\t<div class=\"elementor-button-wrapper\">\n\t\t\t<a href=\"http:\/\/167.99.47.234\/index.php\/2018\/10\/18\/jukkatalo\/\" class=\"elementor-button-link elementor-button elementor-size-xs\" role=\"button\">\n\t\t\t\t\t\t<span class=\"elementor-button-content-wrapper\">\n\t\t\t\t\t\t<span class=\"elementor-button-text\">LUE LIS\u00c4\u00c4<\/span>\n\t\t<\/span>\n\t\t\t\t\t<\/a>\n\t\t<\/div>\n\t\t\t\t<\/div>\n\t\t\t\t<\/div>\n\t\t\t\t\t<\/div>\n\t\t<\/div>\n\t\t\t\t\t\t\t<\/div>\n\t\t<\/section>\n\t\t\t\t<section class=\"elementor-section elementor-top-section elementor-element elementor-element-31d9d1ba elementor-section-boxed elementor-section-height-default elementor-section-height-default elementor-invisible\" data-id=\"31d9d1ba\" data-element_type=\"section\" data-settings=\"{&quot;animation&quot;:&quot;fadeIn&quot;,&quot;animation_mobile&quot;:&quot;fadeIn&quot;,&quot;background_background&quot;:&quot;gradient&quot;,&quot;shape_divider_top&quot;:&quot;triangle-asymmetrical&quot;,&quot;shape_divider_top_negative&quot;:&quot;yes&quot;}\">\n\t\t\t\t\t<div class=\"elementor-shape elementor-shape-top\" data-negative=\"true\">\n\t\t\t<svg xmlns=\"http:\/\/www.w3.org\/2000\/svg\" viewBox=\"0 0 1000 100\" preserveAspectRatio=\"none\">\n\t<path class=\"elementor-shape-fill\" d=\"M737.9,94.7L0,0v100h1000V0L737.9,94.7z\"\/>\n<\/svg>\t\t<\/div>\n\t\t\t\t\t<div class=\"elementor-container elementor-column-gap-default\">\n\t\t\t\t\t<div class=\"elementor-column elementor-col-100 elementor-top-column elementor-element elementor-element-34b56f90\" data-id=\"34b56f90\" data-element_type=\"column\">\n\t\t\t<div class=\"elementor-widget-wrap elementor-element-populated\">\n\t\t\t\t\t\t\t\t<div class=\"elementor-element elementor-element-6c72a6ee elementor-widget elementor-widget-spacer\" data-id=\"6c72a6ee\" data-element_type=\"widget\" data-widget_type=\"spacer.default\">\n\t\t\t\t<div class=\"elementor-widget-container\">\n\t\t\t\t\t<div class=\"elementor-spacer\">\n\t\t\t<div class=\"elementor-spacer-inner\"><\/div>\n\t\t<\/div>\n\t\t\t\t<\/div>\n\t\t\t\t<\/div>\n\t\t\t\t<div class=\"elementor-element elementor-element-1b8a3f7 elementor-widget elementor-widget-heading\" data-id=\"1b8a3f7\" data-element_type=\"widget\" data-widget_type=\"heading.default\">\n\t\t\t\t<div class=\"elementor-widget-container\">\n\t\t\t<h2 class=\"elementor-heading-title elementor-size-default\">Pyyd\u00e4 tarjous projektillesi<\/h2>\t\t<\/div>\n\t\t\t\t<\/div>\n\t\t\t\t<div class=\"elementor-element elementor-element-510a6393 elementor-widget elementor-widget-text-editor\" data-id=\"510a6393\" data-element_type=\"widget\" data-widget_type=\"text-editor.default\">\n\t\t\t\t<div class=\"elementor-widget-container\">\n\t\t\t\t\t\t\t<p class=\"p1\">Tiedustele eri betoniratkaisuistamme tai kysy tarjous projektillesi. Olemme teihin yhteydess\u00e4 yhden arkip\u00e4iv\u00e4n sis\u00e4ll\u00e4.<\/p>\t\t\t\t\t\t<\/div>\n\t\t\t\t<\/div>\n\t\t\t\t<div class=\"elementor-element elementor-element-77cf1eaf elementor-widget elementor-widget-spacer\" data-id=\"77cf1eaf\" data-element_type=\"widget\" data-widget_type=\"spacer.default\">\n\t\t\t\t<div class=\"elementor-widget-container\">\n\t\t\t\t\t<div class=\"elementor-spacer\">\n\t\t\t<div class=\"elementor-spacer-inner\"><\/div>\n\t\t<\/div>\n\t\t\t\t<\/div>\n\t\t\t\t<\/div>\n\t\t\t\t<div class=\"elementor-element elementor-element-6020ce2f elementor-widget elementor-widget-button\" data-id=\"6020ce2f\" data-element_type=\"widget\" data-widget_type=\"button.default\">\n\t\t\t\t<div class=\"elementor-widget-container\">\n\t\t\t\t\t<div class=\"elementor-button-wrapper\">\n\t\t\t<a href=\"http:\/\/167.99.47.234\/index.php\/tarjouspyynto\/\" class=\"elementor-button-link elementor-button elementor-size-sm\" role=\"button\">\n\t\t\t\t\t\t<span class=\"elementor-button-content-wrapper\">\n\t\t\t\t\t\t<span class=\"elementor-button-text\">L\u00c4HET\u00c4 TARJOUSPYYNT\u00d6<\/span>\n\t\t<\/span>\n\t\t\t\t\t<\/a>\n\t\t<\/div>\n\t\t\t\t<\/div>\n\t\t\t\t<\/div>\n\t\t\t\t<div class=\"elementor-element elementor-element-4d5ea33c elementor-widget elementor-widget-spacer\" data-id=\"4d5ea33c\" data-element_type=\"widget\" data-widget_type=\"spacer.default\">\n\t\t\t\t<div class=\"elementor-widget-container\">\n\t\t\t\t\t<div class=\"elementor-spacer\">\n\t\t\t<div class=\"elementor-spacer-inner\"><\/div>\n\t\t<\/div>\n\t\t\t\t<\/div>\n\t\t\t\t<\/div>\n\t\t\t\t\t<\/div>\n\t\t<\/div>\n\t\t\t\t\t\t\t<\/div>\n\t\t<\/section>\n\t\t\t\t\t\t<\/div>\n\t\t\t\t\t<\/div>\n\t\t","protected":false},"excerpt":{"rendered":"<p>Betonin kuljetus Ty\u00f6maiden tarpeisiin betonia luotettavasti ja t\u00e4sm\u00e4llisesti aikataulussa Valmisbetonin kuljetus- ja pumppauskaluston valintaan vaikuttavat mm. seuraavat tekij\u00e4t:\u00a0massan ominaisuudet, valukohde ja kustannukset. Massojen kuljetuksissa k\u00e4yt\u00e4mme omia kuljetuspumppuautojamme (pumi) sek\u00e4 sekoituss\u00e4ili\u00f6autoja&#8230;.<\/p>\n","protected":false},"author":1,"featured_media":4455,"parent":4559,"menu_order":0,"comment_status":"closed","ping_status":"closed","template":"elementor_header_footer","meta":{"footnotes":""},"class_list":["post-5062","page","type-page","status-publish","has-post-thumbnail","hentry"],"_links":{"self":[{"href":"http:\/\/167.99.47.234\/index.php\/wp-json\/wp\/v2\/pages\/5062","targetHints":{"allow":["GET"]}}],"collection":[{"href":"http:\/\/167.99.47.234\/index.php\/wp-json\/wp\/v2\/pages"}],"about":[{"href":"http:\/\/167.99.47.234\/index.php\/wp-json\/wp\/v2\/types\/page"}],"author":[{"embeddable":true,"href":"http:\/\/167.99.47.234\/index.php\/wp-json\/wp\/v2\/users\/1"}],"replies":[{"embeddable":true,"href":"http:\/\/167.99.47.234\/index.php\/wp-json\/wp\/v2\/comments?post=5062"}],"version-history":[{"count":68,"href":"http:\/\/167.99.47.234\/index.php\/wp-json\/wp\/v2\/pages\/5062\/revisions"}],"predecessor-version":[{"id":6622,"href":"http:\/\/167.99.47.234\/index.php\/wp-json\/wp\/v2\/pages\/5062\/revisions\/6622"}],"up":[{"embeddable":true,"href":"http:\/\/167.99.47.234\/index.php\/wp-json\/wp\/v2\/pages\/4559"}],"wp:featuredmedia":[{"embeddable":true,"href":"http:\/\/167.99.47.234\/index.php\/wp-json\/wp\/v2\/media\/4455"}],"wp:attachment":[{"href":"http:\/\/167.99.47.234\/index.php\/wp-json\/wp\/v2\/media?parent=5062"}],"curies":[{"name":"wp","href":"https:\/\/api.w.org\/{rel}","templated":true}]}}