{"id":5287,"date":"2021-09-01T22:14:06","date_gmt":"2021-09-01T22:14:06","guid":{"rendered":"http:\/\/167.99.47.234\/?page_id=5287"},"modified":"2021-12-08T21:47:33","modified_gmt":"2021-12-08T21:47:33","slug":"ce-todistukset","status":"publish","type":"page","link":"http:\/\/167.99.47.234\/index.php\/palvelut-ja-ratkaisut\/betnonin-pumppaus\/ce-todistukset\/","title":{"rendered":"CE-todistukset"},"content":{"rendered":"\t\t<div data-elementor-type=\"wp-page\" data-elementor-id=\"5287\" class=\"elementor elementor-5287\" data-elementor-settings=\"[]\">\n\t\t\t\t\t\t\t<div class=\"elementor-section-wrap\">\n\t\t\t\t\t\t\t<section class=\"elementor-section elementor-top-section elementor-element elementor-element-2e8fe0b elementor-section-boxed elementor-section-height-default elementor-section-height-default\" data-id=\"2e8fe0b\" data-element_type=\"section\" data-settings=\"{&quot;background_background&quot;:&quot;classic&quot;,&quot;shape_divider_bottom&quot;:&quot;triangle-asymmetrical&quot;,&quot;shape_divider_bottom_negative&quot;:&quot;yes&quot;}\">\n\t\t\t\t\t\t\t<div class=\"elementor-background-overlay\"><\/div>\n\t\t\t\t\t\t<div class=\"elementor-shape elementor-shape-bottom\" data-negative=\"true\">\n\t\t\t<svg xmlns=\"http:\/\/www.w3.org\/2000\/svg\" viewBox=\"0 0 1000 100\" preserveAspectRatio=\"none\">\n\t<path class=\"elementor-shape-fill\" d=\"M737.9,94.7L0,0v100h1000V0L737.9,94.7z\"\/>\n<\/svg>\t\t<\/div>\n\t\t\t\t\t<div class=\"elementor-container elementor-column-gap-default\">\n\t\t\t\t\t<div class=\"elementor-column elementor-col-100 elementor-top-column elementor-element elementor-element-1ca52c00\" data-id=\"1ca52c00\" data-element_type=\"column\" data-settings=\"{&quot;background_background&quot;:&quot;slideshow&quot;,&quot;background_slideshow_gallery&quot;:[],&quot;background_slideshow_loop&quot;:&quot;yes&quot;,&quot;background_slideshow_slide_duration&quot;:5000,&quot;background_slideshow_slide_transition&quot;:&quot;fade&quot;,&quot;background_slideshow_transition_duration&quot;:500}\">\n\t\t\t<div class=\"elementor-widget-wrap elementor-element-populated\">\n\t\t\t\t\t\t\t\t<div class=\"elementor-element elementor-element-5323b97f elementor-widget elementor-widget-spacer\" data-id=\"5323b97f\" data-element_type=\"widget\" data-widget_type=\"spacer.default\">\n\t\t\t\t<div class=\"elementor-widget-container\">\n\t\t\t\t\t<div class=\"elementor-spacer\">\n\t\t\t<div class=\"elementor-spacer-inner\"><\/div>\n\t\t<\/div>\n\t\t\t\t<\/div>\n\t\t\t\t<\/div>\n\t\t\t\t<div class=\"elementor-element elementor-element-3d8aebd4 elementor-widget elementor-widget-heading\" data-id=\"3d8aebd4\" data-element_type=\"widget\" data-widget_type=\"heading.default\">\n\t\t\t\t<div class=\"elementor-widget-container\">\n\t\t\t<h1 class=\"elementor-heading-title elementor-size-xxl\">CE-todistukset<\/h1>\t\t<\/div>\n\t\t\t\t<\/div>\n\t\t\t\t<div class=\"elementor-element elementor-element-1d6b117 elementor-widget elementor-widget-spacer\" data-id=\"1d6b117\" data-element_type=\"widget\" data-widget_type=\"spacer.default\">\n\t\t\t\t<div class=\"elementor-widget-container\">\n\t\t\t\t\t<div class=\"elementor-spacer\">\n\t\t\t<div class=\"elementor-spacer-inner\"><\/div>\n\t\t<\/div>\n\t\t\t\t<\/div>\n\t\t\t\t<\/div>\n\t\t\t\t\t<\/div>\n\t\t<\/div>\n\t\t\t\t\t\t\t<\/div>\n\t\t<\/section>\n\t\t\t\t<section class=\"elementor-section elementor-top-section elementor-element elementor-element-d5b3239 elementor-section-boxed elementor-section-height-default elementor-section-height-default elementor-invisible\" data-id=\"d5b3239\" data-element_type=\"section\" data-settings=\"{&quot;animation&quot;:&quot;fadeIn&quot;,&quot;background_background&quot;:&quot;classic&quot;}\">\n\t\t\t\t\t\t<div class=\"elementor-container elementor-column-gap-default\">\n\t\t\t\t\t<div class=\"elementor-column elementor-col-100 elementor-top-column elementor-element elementor-element-3ba27de\" data-id=\"3ba27de\" data-element_type=\"column\">\n\t\t\t<div class=\"elementor-widget-wrap elementor-element-populated\">\n\t\t\t\t\t\t\t\t<div class=\"elementor-element elementor-element-9af40b4 elementor-widget elementor-widget-text-editor\" data-id=\"9af40b4\" data-element_type=\"widget\" data-widget_type=\"text-editor.default\">\n\t\t\t\t<div class=\"elementor-widget-container\">\n\t\t\t\t\t\t\t<h3>Betoninpumppauskaluston CE-todistukset<\/h3><p><span style=\"color: var( --e-global-color-text ); letter-spacing: var( --e-global-typography-text-letter-spacing );\">L\u00f6yd\u00e4t alta autojemme CE-todistukset (klikkaamalla todistuksen nime\u00e4, n\u00e4et sen suurempana).<\/span><\/p>\t\t\t\t\t\t<\/div>\n\t\t\t\t<\/div>\n\t\t\t\t\t<\/div>\n\t\t<\/div>\n\t\t\t\t\t\t\t<\/div>\n\t\t<\/section>\n\t\t\t\t<section class=\"elementor-section elementor-top-section elementor-element elementor-element-ecf0acf elementor-section-boxed elementor-section-height-default elementor-section-height-default\" data-id=\"ecf0acf\" data-element_type=\"section\">\n\t\t\t\t\t\t<div class=\"elementor-container elementor-column-gap-default\">\n\t\t\t\t\t<div class=\"elementor-column elementor-col-20 elementor-top-column elementor-element elementor-element-8e2e29f\" data-id=\"8e2e29f\" data-element_type=\"column\">\n\t\t\t<div class=\"elementor-widget-wrap elementor-element-populated\">\n\t\t\t\t\t\t\t\t<div class=\"elementor-element elementor-element-9a289b9 elementor-widget elementor-widget-text-editor\" data-id=\"9a289b9\" data-element_type=\"widget\" data-widget_type=\"text-editor.default\">\n\t\t\t\t<div class=\"elementor-widget-container\">\n\t\t\t\t\t\t\t<h5><strong><a href=\"http:\/\/167.99.47.234\/wp-content\/uploads\/2021\/09\/CE-sertifikaatti-353.pdf\">Pumi 353 Cifa 28m<\/a><\/strong><\/h5>\t\t\t\t\t\t<\/div>\n\t\t\t\t<\/div>\n\t\t\t\t<div class=\"elementor-element elementor-element-b8a01c9 elementor-widget elementor-widget-image\" data-id=\"b8a01c9\" data-element_type=\"widget\" data-widget_type=\"image.default\">\n\t\t\t\t<div class=\"elementor-widget-container\">\n\t\t\t\t\t\t\t\t\t\t\t\t\t\t\t<img loading=\"lazy\" decoding=\"async\" width=\"400\" height=\"570\" src=\"http:\/\/167.99.47.234\/wp-content\/uploads\/2021\/09\/CE-sertifikaatti-5091.jpeg\" class=\"attachment-large size-large\" alt=\"\" srcset=\"http:\/\/167.99.47.234\/wp-content\/uploads\/2021\/09\/CE-sertifikaatti-5091.jpeg 400w, http:\/\/167.99.47.234\/wp-content\/uploads\/2021\/09\/CE-sertifikaatti-5091-211x300.jpeg 211w\" sizes=\"auto, (max-width: 400px) 100vw, 400px\" \/>\t\t\t\t\t\t\t\t\t\t\t\t\t\t\t<\/div>\n\t\t\t\t<\/div>\n\t\t\t\t\t<\/div>\n\t\t<\/div>\n\t\t\t\t<div class=\"elementor-column elementor-col-20 elementor-top-column elementor-element elementor-element-351219d\" data-id=\"351219d\" data-element_type=\"column\">\n\t\t\t<div class=\"elementor-widget-wrap elementor-element-populated\">\n\t\t\t\t\t\t\t\t<div class=\"elementor-element elementor-element-f2e0d0d elementor-widget elementor-widget-text-editor\" data-id=\"f2e0d0d\" data-element_type=\"widget\" data-widget_type=\"text-editor.default\">\n\t\t\t\t<div class=\"elementor-widget-container\">\n\t\t\t\t\t\t\t<h5><strong><a href=\"http:\/\/167.99.47.234\/wp-content\/uploads\/2021\/09\/CE-sertifikaatti-509.pdf\">Pumi 409 Cifa 32m<\/a><\/strong><\/h5>\t\t\t\t\t\t<\/div>\n\t\t\t\t<\/div>\n\t\t\t\t<div class=\"elementor-element elementor-element-062de8a elementor-widget elementor-widget-image\" data-id=\"062de8a\" data-element_type=\"widget\" data-widget_type=\"image.default\">\n\t\t\t\t<div class=\"elementor-widget-container\">\n\t\t\t\t\t\t\t\t\t\t\t\t\t\t\t<img loading=\"lazy\" decoding=\"async\" width=\"400\" height=\"566\" src=\"http:\/\/167.99.47.234\/wp-content\/uploads\/2021\/09\/CE-sertifikaatti-3531.jpeg\" class=\"attachment-large size-large\" alt=\"\" srcset=\"http:\/\/167.99.47.234\/wp-content\/uploads\/2021\/09\/CE-sertifikaatti-3531.jpeg 400w, http:\/\/167.99.47.234\/wp-content\/uploads\/2021\/09\/CE-sertifikaatti-3531-212x300.jpeg 212w\" sizes=\"auto, (max-width: 400px) 100vw, 400px\" \/>\t\t\t\t\t\t\t\t\t\t\t\t\t\t\t<\/div>\n\t\t\t\t<\/div>\n\t\t\t\t\t<\/div>\n\t\t<\/div>\n\t\t\t\t<div class=\"elementor-column elementor-col-20 elementor-top-column elementor-element elementor-element-1b630a7\" data-id=\"1b630a7\" data-element_type=\"column\">\n\t\t\t<div class=\"elementor-widget-wrap elementor-element-populated\">\n\t\t\t\t\t\t\t\t<div class=\"elementor-element elementor-element-b0c99ca elementor-widget elementor-widget-text-editor\" data-id=\"b0c99ca\" data-element_type=\"widget\" data-widget_type=\"text-editor.default\">\n\t\t\t\t<div class=\"elementor-widget-container\">\n\t\t\t\t\t\t\t<h5><strong><a href=\"http:\/\/167.99.47.234\/wp-content\/uploads\/2021\/09\/CE-sertifikaatti-454.pdf\">Pumi 454 Cifa 32m<\/a><\/strong><\/h5>\t\t\t\t\t\t<\/div>\n\t\t\t\t<\/div>\n\t\t\t\t<div class=\"elementor-element elementor-element-99599ab elementor-widget elementor-widget-image\" data-id=\"99599ab\" data-element_type=\"widget\" data-widget_type=\"image.default\">\n\t\t\t\t<div class=\"elementor-widget-container\">\n\t\t\t\t\t\t\t\t\t\t\t\t\t\t\t<img loading=\"lazy\" decoding=\"async\" width=\"400\" height=\"566\" src=\"http:\/\/167.99.47.234\/wp-content\/uploads\/2021\/09\/CE-sertifikaatti-4091.jpeg\" class=\"attachment-large size-large\" alt=\"\" srcset=\"http:\/\/167.99.47.234\/wp-content\/uploads\/2021\/09\/CE-sertifikaatti-4091.jpeg 400w, http:\/\/167.99.47.234\/wp-content\/uploads\/2021\/09\/CE-sertifikaatti-4091-212x300.jpeg 212w\" sizes=\"auto, (max-width: 400px) 100vw, 400px\" \/>\t\t\t\t\t\t\t\t\t\t\t\t\t\t\t<\/div>\n\t\t\t\t<\/div>\n\t\t\t\t\t<\/div>\n\t\t<\/div>\n\t\t\t\t<div class=\"elementor-column elementor-col-20 elementor-top-column elementor-element elementor-element-53cda4c\" data-id=\"53cda4c\" data-element_type=\"column\">\n\t\t\t<div class=\"elementor-widget-wrap elementor-element-populated\">\n\t\t\t\t\t\t\t\t<div class=\"elementor-element elementor-element-3d8714f elementor-widget elementor-widget-text-editor\" data-id=\"3d8714f\" data-element_type=\"widget\" data-widget_type=\"text-editor.default\">\n\t\t\t\t<div class=\"elementor-widget-container\">\n\t\t\t\t\t\t\t<h5><strong><a href=\"http:\/\/167.99.47.234\/wp-content\/uploads\/2021\/09\/CE-sertifikaatti-509.pdf\">Pumppu 509 Cifa 39m<\/a><\/strong><\/h5>\t\t\t\t\t\t<\/div>\n\t\t\t\t<\/div>\n\t\t\t\t<div class=\"elementor-element elementor-element-f19bbd3 elementor-widget elementor-widget-image\" data-id=\"f19bbd3\" data-element_type=\"widget\" data-widget_type=\"image.default\">\n\t\t\t\t<div class=\"elementor-widget-container\">\n\t\t\t\t\t\t\t\t\t\t\t\t\t\t\t<img loading=\"lazy\" decoding=\"async\" width=\"400\" height=\"566\" src=\"http:\/\/167.99.47.234\/wp-content\/uploads\/2021\/09\/CE-sertifikaatti-4541.jpeg\" class=\"attachment-large size-large\" alt=\"\" srcset=\"http:\/\/167.99.47.234\/wp-content\/uploads\/2021\/09\/CE-sertifikaatti-4541.jpeg 400w, http:\/\/167.99.47.234\/wp-content\/uploads\/2021\/09\/CE-sertifikaatti-4541-212x300.jpeg 212w\" sizes=\"auto, (max-width: 400px) 100vw, 400px\" \/>\t\t\t\t\t\t\t\t\t\t\t\t\t\t\t<\/div>\n\t\t\t\t<\/div>\n\t\t\t\t\t<\/div>\n\t\t<\/div>\n\t\t\t\t<div class=\"elementor-column elementor-col-20 elementor-top-column elementor-element elementor-element-3684100\" data-id=\"3684100\" data-element_type=\"column\">\n\t\t\t<div class=\"elementor-widget-wrap elementor-element-populated\">\n\t\t\t\t\t\t\t\t<div class=\"elementor-element elementor-element-56cf47c elementor-widget elementor-widget-text-editor\" data-id=\"56cf47c\" data-element_type=\"widget\" data-widget_type=\"text-editor.default\">\n\t\t\t\t<div class=\"elementor-widget-container\">\n\t\t\t\t\t\t\t<h5><strong>Pumppu 540 Cifa 47m<\/strong><\/h5>\t\t\t\t\t\t<\/div>\n\t\t\t\t<\/div>\n\t\t\t\t<div class=\"elementor-element elementor-element-e0b6339 elementor-widget elementor-widget-image\" data-id=\"e0b6339\" data-element_type=\"widget\" data-widget_type=\"image.default\">\n\t\t\t\t<div class=\"elementor-widget-container\">\n\t\t\t\t\t\t\t\t\t\t\t\t\t\t\t<img loading=\"lazy\" decoding=\"async\" width=\"724\" height=\"1024\" src=\"http:\/\/167.99.47.234\/wp-content\/uploads\/2021\/09\/Cifa-47-CE-sertifikaatti-724x1024.jpeg\" class=\"attachment-large size-large\" alt=\"\" srcset=\"http:\/\/167.99.47.234\/wp-content\/uploads\/2021\/09\/Cifa-47-CE-sertifikaatti-724x1024.jpeg 724w, http:\/\/167.99.47.234\/wp-content\/uploads\/2021\/09\/Cifa-47-CE-sertifikaatti-212x300.jpeg 212w, http:\/\/167.99.47.234\/wp-content\/uploads\/2021\/09\/Cifa-47-CE-sertifikaatti-768x1086.jpeg 768w, http:\/\/167.99.47.234\/wp-content\/uploads\/2021\/09\/Cifa-47-CE-sertifikaatti-1086x1536.jpeg 1086w, http:\/\/167.99.47.234\/wp-content\/uploads\/2021\/09\/Cifa-47-CE-sertifikaatti.jpeg 1240w\" sizes=\"auto, (max-width: 724px) 100vw, 724px\" \/>\t\t\t\t\t\t\t\t\t\t\t\t\t\t\t<\/div>\n\t\t\t\t<\/div>\n\t\t\t\t\t<\/div>\n\t\t<\/div>\n\t\t\t\t\t\t\t<\/div>\n\t\t<\/section>\n\t\t\t\t<section class=\"elementor-section elementor-top-section elementor-element elementor-element-c26f567 elementor-section-boxed elementor-section-height-default elementor-section-height-default elementor-invisible\" data-id=\"c26f567\" data-element_type=\"section\" data-settings=\"{&quot;animation&quot;:&quot;fadeIn&quot;}\">\n\t\t\t\t\t\t<div class=\"elementor-container elementor-column-gap-default\">\n\t\t\t\t\t<div class=\"elementor-column elementor-col-100 elementor-top-column elementor-element elementor-element-51bdaae\" data-id=\"51bdaae\" data-element_type=\"column\">\n\t\t\t<div class=\"elementor-widget-wrap elementor-element-populated\">\n\t\t\t\t\t\t\t\t<div class=\"elementor-element elementor-element-548c978 elementor-widget elementor-widget-spacer\" data-id=\"548c978\" data-element_type=\"widget\" data-widget_type=\"spacer.default\">\n\t\t\t\t<div class=\"elementor-widget-container\">\n\t\t\t\t\t<div class=\"elementor-spacer\">\n\t\t\t<div class=\"elementor-spacer-inner\"><\/div>\n\t\t<\/div>\n\t\t\t\t<\/div>\n\t\t\t\t<\/div>\n\t\t\t\t\t<\/div>\n\t\t<\/div>\n\t\t\t\t\t\t\t<\/div>\n\t\t<\/section>\n\t\t\t\t<section class=\"elementor-section elementor-top-section elementor-element elementor-element-5055067 elementor-section-boxed elementor-section-height-default elementor-section-height-default\" data-id=\"5055067\" data-element_type=\"section\">\n\t\t\t\t\t\t<div class=\"elementor-container elementor-column-gap-default\">\n\t\t\t\t\t<div class=\"elementor-column elementor-col-100 elementor-top-column elementor-element elementor-element-46a8b81\" data-id=\"46a8b81\" data-element_type=\"column\">\n\t\t\t<div class=\"elementor-widget-wrap\">\n\t\t\t\t\t\t\t\t\t<\/div>\n\t\t<\/div>\n\t\t\t\t\t\t\t<\/div>\n\t\t<\/section>\n\t\t\t\t<section class=\"elementor-section elementor-top-section elementor-element elementor-element-26a4aaa4 elementor-section-boxed elementor-section-height-default elementor-section-height-default elementor-invisible\" data-id=\"26a4aaa4\" data-element_type=\"section\" data-settings=\"{&quot;animation&quot;:&quot;fadeIn&quot;,&quot;animation_mobile&quot;:&quot;fadeIn&quot;,&quot;background_background&quot;:&quot;gradient&quot;,&quot;shape_divider_top&quot;:&quot;triangle-asymmetrical&quot;,&quot;shape_divider_top_negative&quot;:&quot;yes&quot;}\">\n\t\t\t\t\t<div class=\"elementor-shape elementor-shape-top\" data-negative=\"true\">\n\t\t\t<svg xmlns=\"http:\/\/www.w3.org\/2000\/svg\" viewBox=\"0 0 1000 100\" preserveAspectRatio=\"none\">\n\t<path class=\"elementor-shape-fill\" d=\"M737.9,94.7L0,0v100h1000V0L737.9,94.7z\"\/>\n<\/svg>\t\t<\/div>\n\t\t\t\t\t<div class=\"elementor-container elementor-column-gap-default\">\n\t\t\t\t\t<div class=\"elementor-column elementor-col-100 elementor-top-column elementor-element elementor-element-77f0cfc0\" data-id=\"77f0cfc0\" data-element_type=\"column\">\n\t\t\t<div class=\"elementor-widget-wrap elementor-element-populated\">\n\t\t\t\t\t\t\t\t<div class=\"elementor-element elementor-element-244c4e6f elementor-widget elementor-widget-spacer\" data-id=\"244c4e6f\" data-element_type=\"widget\" data-widget_type=\"spacer.default\">\n\t\t\t\t<div class=\"elementor-widget-container\">\n\t\t\t\t\t<div class=\"elementor-spacer\">\n\t\t\t<div class=\"elementor-spacer-inner\"><\/div>\n\t\t<\/div>\n\t\t\t\t<\/div>\n\t\t\t\t<\/div>\n\t\t\t\t<div class=\"elementor-element elementor-element-3f795851 elementor-widget elementor-widget-heading\" data-id=\"3f795851\" data-element_type=\"widget\" data-widget_type=\"heading.default\">\n\t\t\t\t<div class=\"elementor-widget-container\">\n\t\t\t<h2 class=\"elementor-heading-title elementor-size-default\">Pyyd\u00e4 tarjous projektillesi<\/h2>\t\t<\/div>\n\t\t\t\t<\/div>\n\t\t\t\t<div class=\"elementor-element elementor-element-559ee632 elementor-widget elementor-widget-text-editor\" data-id=\"559ee632\" data-element_type=\"widget\" data-widget_type=\"text-editor.default\">\n\t\t\t\t<div class=\"elementor-widget-container\">\n\t\t\t\t\t\t\t<p class=\"p1\">Tiedustele eri betoniratkaisuistamme tai kysy tarjous projektillesi. Olemme teihin yhteydess\u00e4 yhden arkip\u00e4iv\u00e4n sis\u00e4ll\u00e4.<\/p>\t\t\t\t\t\t<\/div>\n\t\t\t\t<\/div>\n\t\t\t\t<div class=\"elementor-element elementor-element-7f6126d elementor-widget elementor-widget-spacer\" data-id=\"7f6126d\" data-element_type=\"widget\" data-widget_type=\"spacer.default\">\n\t\t\t\t<div class=\"elementor-widget-container\">\n\t\t\t\t\t<div class=\"elementor-spacer\">\n\t\t\t<div class=\"elementor-spacer-inner\"><\/div>\n\t\t<\/div>\n\t\t\t\t<\/div>\n\t\t\t\t<\/div>\n\t\t\t\t<div class=\"elementor-element elementor-element-4aa6600f elementor-widget elementor-widget-button\" data-id=\"4aa6600f\" data-element_type=\"widget\" data-widget_type=\"button.default\">\n\t\t\t\t<div class=\"elementor-widget-container\">\n\t\t\t\t\t<div class=\"elementor-button-wrapper\">\n\t\t\t<a href=\"http:\/\/167.99.47.234\/index.php\/tarjouspyynto\/\" class=\"elementor-button-link elementor-button elementor-size-sm\" role=\"button\">\n\t\t\t\t\t\t<span class=\"elementor-button-content-wrapper\">\n\t\t\t\t\t\t<span class=\"elementor-button-text\">L\u00c4HET\u00c4 TARJOUSPYYNT\u00d6<\/span>\n\t\t<\/span>\n\t\t\t\t\t<\/a>\n\t\t<\/div>\n\t\t\t\t<\/div>\n\t\t\t\t<\/div>\n\t\t\t\t<div class=\"elementor-element elementor-element-5e975ca6 elementor-widget elementor-widget-spacer\" data-id=\"5e975ca6\" data-element_type=\"widget\" data-widget_type=\"spacer.default\">\n\t\t\t\t<div class=\"elementor-widget-container\">\n\t\t\t\t\t<div class=\"elementor-spacer\">\n\t\t\t<div class=\"elementor-spacer-inner\"><\/div>\n\t\t<\/div>\n\t\t\t\t<\/div>\n\t\t\t\t<\/div>\n\t\t\t\t\t<\/div>\n\t\t<\/div>\n\t\t\t\t\t\t\t<\/div>\n\t\t<\/section>\n\t\t\t\t\t\t<\/div>\n\t\t\t\t\t<\/div>\n\t\t","protected":false},"excerpt":{"rendered":"<p>CE-todistukset Betoninpumppauskaluston CE-todistukset L\u00f6yd\u00e4t alta autojemme CE-todistukset (klikkaamalla todistuksen nime\u00e4, n\u00e4et sen suurempana). Pumi 353 Cifa 28m Pumi 409 Cifa 32m Pumi 454 Cifa 32m Pumppu 509 Cifa 39m Pumppu&#8230;<\/p>\n","protected":false},"author":1,"featured_media":4455,"parent":5119,"menu_order":0,"comment_status":"closed","ping_status":"closed","template":"elementor_header_footer","meta":{"footnotes":""},"class_list":["post-5287","page","type-page","status-publish","has-post-thumbnail","hentry"],"_links":{"self":[{"href":"http:\/\/167.99.47.234\/index.php\/wp-json\/wp\/v2\/pages\/5287","targetHints":{"allow":["GET"]}}],"collection":[{"href":"http:\/\/167.99.47.234\/index.php\/wp-json\/wp\/v2\/pages"}],"about":[{"href":"http:\/\/167.99.47.234\/index.php\/wp-json\/wp\/v2\/types\/page"}],"author":[{"embeddable":true,"href":"http:\/\/167.99.47.234\/index.php\/wp-json\/wp\/v2\/users\/1"}],"replies":[{"embeddable":true,"href":"http:\/\/167.99.47.234\/index.php\/wp-json\/wp\/v2\/comments?post=5287"}],"version-history":[{"count":30,"href":"http:\/\/167.99.47.234\/index.php\/wp-json\/wp\/v2\/pages\/5287\/revisions"}],"predecessor-version":[{"id":6540,"href":"http:\/\/167.99.47.234\/index.php\/wp-json\/wp\/v2\/pages\/5287\/revisions\/6540"}],"up":[{"embeddable":true,"href":"http:\/\/167.99.47.234\/index.php\/wp-json\/wp\/v2\/pages\/5119"}],"wp:featuredmedia":[{"embeddable":true,"href":"http:\/\/167.99.47.234\/index.php\/wp-json\/wp\/v2\/media\/4455"}],"wp:attachment":[{"href":"http:\/\/167.99.47.234\/index.php\/wp-json\/wp\/v2\/media?parent=5287"}],"curies":[{"name":"wp","href":"https:\/\/api.w.org\/{rel}","templated":true}]}}