{"id":5583,"date":"2021-09-02T16:09:44","date_gmt":"2021-09-02T16:09:44","guid":{"rendered":"http:\/\/167.99.47.234\/?page_id=5583"},"modified":"2021-12-08T21:48:23","modified_gmt":"2021-12-08T21:48:23","slug":"anturavalut","status":"publish","type":"page","link":"http:\/\/167.99.47.234\/index.php\/palvelut-ja-ratkaisut\/betonivalut\/anturavalut\/","title":{"rendered":"Anturavalut"},"content":{"rendered":"\t\t<div data-elementor-type=\"wp-page\" data-elementor-id=\"5583\" class=\"elementor elementor-5583\" data-elementor-settings=\"[]\">\n\t\t\t\t\t\t\t<div class=\"elementor-section-wrap\">\n\t\t\t\t\t\t\t<section class=\"elementor-section elementor-top-section elementor-element elementor-element-2e8fe0b elementor-section-boxed elementor-section-height-default elementor-section-height-default\" data-id=\"2e8fe0b\" data-element_type=\"section\" data-settings=\"{&quot;background_background&quot;:&quot;classic&quot;,&quot;shape_divider_bottom&quot;:&quot;triangle-asymmetrical&quot;,&quot;shape_divider_bottom_negative&quot;:&quot;yes&quot;}\">\n\t\t\t\t\t\t\t<div class=\"elementor-background-overlay\"><\/div>\n\t\t\t\t\t\t<div class=\"elementor-shape elementor-shape-bottom\" data-negative=\"true\">\n\t\t\t<svg xmlns=\"http:\/\/www.w3.org\/2000\/svg\" viewBox=\"0 0 1000 100\" preserveAspectRatio=\"none\">\n\t<path class=\"elementor-shape-fill\" d=\"M737.9,94.7L0,0v100h1000V0L737.9,94.7z\"\/>\n<\/svg>\t\t<\/div>\n\t\t\t\t\t<div class=\"elementor-container elementor-column-gap-default\">\n\t\t\t\t\t<div class=\"elementor-column elementor-col-100 elementor-top-column elementor-element elementor-element-1ca52c00\" data-id=\"1ca52c00\" data-element_type=\"column\" data-settings=\"{&quot;background_background&quot;:&quot;slideshow&quot;,&quot;background_slideshow_gallery&quot;:[],&quot;background_slideshow_loop&quot;:&quot;yes&quot;,&quot;background_slideshow_slide_duration&quot;:5000,&quot;background_slideshow_slide_transition&quot;:&quot;fade&quot;,&quot;background_slideshow_transition_duration&quot;:500}\">\n\t\t\t<div class=\"elementor-widget-wrap elementor-element-populated\">\n\t\t\t\t\t\t\t\t<div class=\"elementor-element elementor-element-5323b97f elementor-widget elementor-widget-spacer\" data-id=\"5323b97f\" data-element_type=\"widget\" data-widget_type=\"spacer.default\">\n\t\t\t\t<div class=\"elementor-widget-container\">\n\t\t\t\t\t<div class=\"elementor-spacer\">\n\t\t\t<div class=\"elementor-spacer-inner\"><\/div>\n\t\t<\/div>\n\t\t\t\t<\/div>\n\t\t\t\t<\/div>\n\t\t\t\t<div class=\"elementor-element elementor-element-3d8aebd4 elementor-widget elementor-widget-heading\" data-id=\"3d8aebd4\" data-element_type=\"widget\" data-widget_type=\"heading.default\">\n\t\t\t\t<div class=\"elementor-widget-container\">\n\t\t\t<h1 class=\"elementor-heading-title elementor-size-xxl\">Anturavalut<\/h1>\t\t<\/div>\n\t\t\t\t<\/div>\n\t\t\t\t<div class=\"elementor-element elementor-element-6a955a74 elementor-widget elementor-widget-spacer\" data-id=\"6a955a74\" data-element_type=\"widget\" data-widget_type=\"spacer.default\">\n\t\t\t\t<div class=\"elementor-widget-container\">\n\t\t\t\t\t<div class=\"elementor-spacer\">\n\t\t\t<div class=\"elementor-spacer-inner\"><\/div>\n\t\t<\/div>\n\t\t\t\t<\/div>\n\t\t\t\t<\/div>\n\t\t\t\t\t<\/div>\n\t\t<\/div>\n\t\t\t\t\t\t\t<\/div>\n\t\t<\/section>\n\t\t\t\t<section class=\"elementor-section elementor-top-section elementor-element elementor-element-d5b3239 elementor-section-boxed elementor-section-height-default elementor-section-height-default elementor-invisible\" data-id=\"d5b3239\" data-element_type=\"section\" data-settings=\"{&quot;animation&quot;:&quot;fadeIn&quot;,&quot;background_background&quot;:&quot;classic&quot;}\">\n\t\t\t\t\t\t<div class=\"elementor-container elementor-column-gap-default\">\n\t\t\t\t\t<div class=\"elementor-column elementor-col-100 elementor-top-column elementor-element elementor-element-3ba27de\" data-id=\"3ba27de\" data-element_type=\"column\">\n\t\t\t<div class=\"elementor-widget-wrap elementor-element-populated\">\n\t\t\t\t\t\t\t\t<div class=\"elementor-element elementor-element-9af40b4 elementor-widget elementor-widget-text-editor\" data-id=\"9af40b4\" data-element_type=\"widget\" data-widget_type=\"text-editor.default\">\n\t\t\t\t<div class=\"elementor-widget-container\">\n\t\t\t\t\t\t\t<h3>Mit\u00e4 kannattaa ottaa huomioon anturavaloja tehdess\u00e4?<\/h3>\n<p>Talon pohjat\u00f6iden valmistuttua on anturamuottien rakentamisen tai anturatassun asentamisen vuoro. Omakotitalon tms. betonianturaa ei voi l\u00e4hte\u00e4 valamaan ennen kuin vastaava mestari on antanut luvat pohjan- ja raudoitustarkastuksen j\u00e4lkeen. Anturavalua varten betonia tilatessa kannattaa varmistaa, mit\u00e4 betonilaatua talon piirustuksiin on merkitty, sek\u00e4 valmisanturoissa mit\u00e4 betonilaatua anturan valmistaja suosittelee (esim. Lammintassu, Formex).<\/p>\n<p>Usein se on normaalirakennuksissa lujuusarvoltaan C25\/30-C30\/37 raekoon ollessa 16-32mm. Ennen valua tulee aina tarkistaa, ett\u00e4 muotti on riitt\u00e4v\u00e4n tukeva ja tiivis. Muotin alaosaan saattaa kohdistua yll\u00e4tt\u00e4v\u00e4n suuri paine, kun betonia valetaan ja t\u00e4ll\u00f6in muotti voi antaa periksi. Samoin muovista tehty ns. valmisanturamuotti (esimerkiksi Lammintassu) antaa aina periksi jonkin verran ja voi yl\u00e4osastaan levit\u00e4 useamman sentin.&nbsp;<\/p>\n<p>Koko anturan matkalta muutaman sentin periksi antanut muotti saattaa lis\u00e4t\u00e4 muottiin tarvittavan betonin m\u00e4\u00e4r\u00e4\u00e4 yll\u00e4tt\u00e4v\u00e4n paljon anturan pituudesta ja leveydest\u00e4 riippuen. Betonin pumppaajan eli pumin kuljettajan lis\u00e4ksi tarvitaan my\u00f6s ainakin yksi henkil\u00f6 tarkistamaan oikeaa korkoa sek\u00e4 tasoittamaan betonia.&nbsp;<\/p>\n<p>Omat lattiamiehemme voivat tarvittaessa suorittaa my\u00f6s t\u00e4m\u00e4n ty\u00f6n. Muottianturassa voi k\u00e4ytt\u00e4\u00e4 t\u00e4rysauvaa eli vibraa, jonka aikaansaava nopeataajuuksinen v\u00e4rin\u00e4 pit\u00e4\u00e4 massan juoksevana ja edesauttaa sen levi\u00e4mist\u00e4 tasaisesti anturamuotin sis\u00e4ll\u00e4 olevan raudoituksen ymp\u00e4rille. Tarkista anturamuottien valmistajalta k\u00e4ytt\u00f6- ja ty\u00f6ohjeet ennen valua.<\/p>\t\t\t\t\t\t<\/div>\n\t\t\t\t<\/div>\n\t\t\t\t\t<\/div>\n\t\t<\/div>\n\t\t\t\t\t\t\t<\/div>\n\t\t<\/section>\n\t\t\t\t<section class=\"elementor-section elementor-top-section elementor-element elementor-element-c26f567 elementor-section-boxed elementor-section-height-default elementor-section-height-default elementor-invisible\" data-id=\"c26f567\" data-element_type=\"section\" data-settings=\"{&quot;animation&quot;:&quot;fadeIn&quot;}\">\n\t\t\t\t\t\t<div class=\"elementor-container elementor-column-gap-default\">\n\t\t\t\t\t<div class=\"elementor-column elementor-col-100 elementor-top-column elementor-element elementor-element-51bdaae\" data-id=\"51bdaae\" data-element_type=\"column\">\n\t\t\t<div class=\"elementor-widget-wrap elementor-element-populated\">\n\t\t\t\t\t\t\t\t<div class=\"elementor-element elementor-element-548c978 elementor-widget elementor-widget-spacer\" data-id=\"548c978\" data-element_type=\"widget\" data-widget_type=\"spacer.default\">\n\t\t\t\t<div class=\"elementor-widget-container\">\n\t\t\t\t\t<div class=\"elementor-spacer\">\n\t\t\t<div class=\"elementor-spacer-inner\"><\/div>\n\t\t<\/div>\n\t\t\t\t<\/div>\n\t\t\t\t<\/div>\n\t\t\t\t\t<\/div>\n\t\t<\/div>\n\t\t\t\t\t\t\t<\/div>\n\t\t<\/section>\n\t\t\t\t<section class=\"elementor-section elementor-top-section elementor-element elementor-element-56c75831 elementor-section-boxed elementor-section-height-default elementor-section-height-default elementor-invisible\" data-id=\"56c75831\" data-element_type=\"section\" data-settings=\"{&quot;animation&quot;:&quot;fadeIn&quot;,&quot;animation_mobile&quot;:&quot;fadeIn&quot;,&quot;background_background&quot;:&quot;gradient&quot;,&quot;shape_divider_top&quot;:&quot;triangle-asymmetrical&quot;,&quot;shape_divider_top_negative&quot;:&quot;yes&quot;}\">\n\t\t\t\t\t<div class=\"elementor-shape elementor-shape-top\" data-negative=\"true\">\n\t\t\t<svg xmlns=\"http:\/\/www.w3.org\/2000\/svg\" viewBox=\"0 0 1000 100\" preserveAspectRatio=\"none\">\n\t<path class=\"elementor-shape-fill\" d=\"M737.9,94.7L0,0v100h1000V0L737.9,94.7z\"\/>\n<\/svg>\t\t<\/div>\n\t\t\t\t\t<div class=\"elementor-container elementor-column-gap-default\">\n\t\t\t\t\t<div class=\"elementor-column elementor-col-100 elementor-top-column elementor-element elementor-element-5f31b263\" data-id=\"5f31b263\" data-element_type=\"column\">\n\t\t\t<div class=\"elementor-widget-wrap elementor-element-populated\">\n\t\t\t\t\t\t\t\t<div class=\"elementor-element elementor-element-5998e0bb elementor-widget elementor-widget-spacer\" data-id=\"5998e0bb\" data-element_type=\"widget\" data-widget_type=\"spacer.default\">\n\t\t\t\t<div class=\"elementor-widget-container\">\n\t\t\t\t\t<div class=\"elementor-spacer\">\n\t\t\t<div class=\"elementor-spacer-inner\"><\/div>\n\t\t<\/div>\n\t\t\t\t<\/div>\n\t\t\t\t<\/div>\n\t\t\t\t<div class=\"elementor-element elementor-element-433ed4ba elementor-widget elementor-widget-heading\" data-id=\"433ed4ba\" data-element_type=\"widget\" data-widget_type=\"heading.default\">\n\t\t\t\t<div class=\"elementor-widget-container\">\n\t\t\t<h2 class=\"elementor-heading-title elementor-size-default\">Pyyd\u00e4 tarjous projektillesi<\/h2>\t\t<\/div>\n\t\t\t\t<\/div>\n\t\t\t\t<div class=\"elementor-element elementor-element-620874a0 elementor-widget elementor-widget-text-editor\" data-id=\"620874a0\" data-element_type=\"widget\" data-widget_type=\"text-editor.default\">\n\t\t\t\t<div class=\"elementor-widget-container\">\n\t\t\t\t\t\t\t<p class=\"p1\">Tiedustele eri betoniratkaisuistamme tai kysy tarjous projektillesi. Olemme teihin yhteydess\u00e4 yhden arkip\u00e4iv\u00e4n sis\u00e4ll\u00e4.<\/p>\t\t\t\t\t\t<\/div>\n\t\t\t\t<\/div>\n\t\t\t\t<div class=\"elementor-element elementor-element-4091addd elementor-widget elementor-widget-spacer\" data-id=\"4091addd\" data-element_type=\"widget\" data-widget_type=\"spacer.default\">\n\t\t\t\t<div class=\"elementor-widget-container\">\n\t\t\t\t\t<div class=\"elementor-spacer\">\n\t\t\t<div class=\"elementor-spacer-inner\"><\/div>\n\t\t<\/div>\n\t\t\t\t<\/div>\n\t\t\t\t<\/div>\n\t\t\t\t<div class=\"elementor-element elementor-element-1ab20fc2 elementor-widget elementor-widget-button\" data-id=\"1ab20fc2\" data-element_type=\"widget\" data-widget_type=\"button.default\">\n\t\t\t\t<div class=\"elementor-widget-container\">\n\t\t\t\t\t<div class=\"elementor-button-wrapper\">\n\t\t\t<a href=\"http:\/\/167.99.47.234\/index.php\/tarjouspyynto\/\" class=\"elementor-button-link elementor-button elementor-size-sm\" role=\"button\">\n\t\t\t\t\t\t<span class=\"elementor-button-content-wrapper\">\n\t\t\t\t\t\t<span class=\"elementor-button-text\">L\u00c4HET\u00c4 TARJOUSPYYNT\u00d6<\/span>\n\t\t<\/span>\n\t\t\t\t\t<\/a>\n\t\t<\/div>\n\t\t\t\t<\/div>\n\t\t\t\t<\/div>\n\t\t\t\t<div class=\"elementor-element elementor-element-43b8056 elementor-widget elementor-widget-spacer\" data-id=\"43b8056\" data-element_type=\"widget\" data-widget_type=\"spacer.default\">\n\t\t\t\t<div class=\"elementor-widget-container\">\n\t\t\t\t\t<div class=\"elementor-spacer\">\n\t\t\t<div class=\"elementor-spacer-inner\"><\/div>\n\t\t<\/div>\n\t\t\t\t<\/div>\n\t\t\t\t<\/div>\n\t\t\t\t\t<\/div>\n\t\t<\/div>\n\t\t\t\t\t\t\t<\/div>\n\t\t<\/section>\n\t\t\t\t\t\t<\/div>\n\t\t\t\t\t<\/div>\n\t\t","protected":false},"excerpt":{"rendered":"<p>Anturavalut Mit\u00e4 kannattaa ottaa huomioon anturavaloja tehdess\u00e4? Talon pohjat\u00f6iden valmistuttua on anturamuottien rakentamisen tai anturatassun asentamisen vuoro. Omakotitalon tms. betonianturaa ei voi l\u00e4hte\u00e4 valamaan ennen kuin vastaava mestari on antanut&#8230;<\/p>\n","protected":false},"author":1,"featured_media":4455,"parent":5557,"menu_order":0,"comment_status":"closed","ping_status":"closed","template":"elementor_header_footer","meta":{"footnotes":""},"class_list":["post-5583","page","type-page","status-publish","has-post-thumbnail","hentry"],"_links":{"self":[{"href":"http:\/\/167.99.47.234\/index.php\/wp-json\/wp\/v2\/pages\/5583","targetHints":{"allow":["GET"]}}],"collection":[{"href":"http:\/\/167.99.47.234\/index.php\/wp-json\/wp\/v2\/pages"}],"about":[{"href":"http:\/\/167.99.47.234\/index.php\/wp-json\/wp\/v2\/types\/page"}],"author":[{"embeddable":true,"href":"http:\/\/167.99.47.234\/index.php\/wp-json\/wp\/v2\/users\/1"}],"replies":[{"embeddable":true,"href":"http:\/\/167.99.47.234\/index.php\/wp-json\/wp\/v2\/comments?post=5583"}],"version-history":[{"count":20,"href":"http:\/\/167.99.47.234\/index.php\/wp-json\/wp\/v2\/pages\/5583\/revisions"}],"predecessor-version":[{"id":6546,"href":"http:\/\/167.99.47.234\/index.php\/wp-json\/wp\/v2\/pages\/5583\/revisions\/6546"}],"up":[{"embeddable":true,"href":"http:\/\/167.99.47.234\/index.php\/wp-json\/wp\/v2\/pages\/5557"}],"wp:featuredmedia":[{"embeddable":true,"href":"http:\/\/167.99.47.234\/index.php\/wp-json\/wp\/v2\/media\/4455"}],"wp:attachment":[{"href":"http:\/\/167.99.47.234\/index.php\/wp-json\/wp\/v2\/media?parent=5583"}],"curies":[{"name":"wp","href":"https:\/\/api.w.org\/{rel}","templated":true}]}}