{"id":5584,"date":"2021-09-02T16:09:56","date_gmt":"2021-09-02T16:09:56","guid":{"rendered":"http:\/\/167.99.47.234\/?page_id=5584"},"modified":"2021-12-08T21:48:48","modified_gmt":"2021-12-08T21:48:48","slug":"harkkovalut","status":"publish","type":"page","link":"http:\/\/167.99.47.234\/index.php\/palvelut-ja-ratkaisut\/betonivalut\/harkkovalut\/","title":{"rendered":"Harkkovalut"},"content":{"rendered":"\t\t<div data-elementor-type=\"wp-page\" data-elementor-id=\"5584\" class=\"elementor elementor-5584\" data-elementor-settings=\"[]\">\n\t\t\t\t\t\t\t<div class=\"elementor-section-wrap\">\n\t\t\t\t\t\t\t<section class=\"elementor-section elementor-top-section elementor-element elementor-element-2e8fe0b elementor-section-boxed elementor-section-height-default elementor-section-height-default\" data-id=\"2e8fe0b\" data-element_type=\"section\" data-settings=\"{&quot;background_background&quot;:&quot;classic&quot;,&quot;shape_divider_bottom&quot;:&quot;triangle-asymmetrical&quot;,&quot;shape_divider_bottom_negative&quot;:&quot;yes&quot;}\">\n\t\t\t\t\t\t\t<div class=\"elementor-background-overlay\"><\/div>\n\t\t\t\t\t\t<div class=\"elementor-shape elementor-shape-bottom\" data-negative=\"true\">\n\t\t\t<svg xmlns=\"http:\/\/www.w3.org\/2000\/svg\" viewBox=\"0 0 1000 100\" preserveAspectRatio=\"none\">\n\t<path class=\"elementor-shape-fill\" d=\"M737.9,94.7L0,0v100h1000V0L737.9,94.7z\"\/>\n<\/svg>\t\t<\/div>\n\t\t\t\t\t<div class=\"elementor-container elementor-column-gap-default\">\n\t\t\t\t\t<div class=\"elementor-column elementor-col-100 elementor-top-column elementor-element elementor-element-1ca52c00\" data-id=\"1ca52c00\" data-element_type=\"column\" data-settings=\"{&quot;background_background&quot;:&quot;slideshow&quot;,&quot;background_slideshow_gallery&quot;:[],&quot;background_slideshow_loop&quot;:&quot;yes&quot;,&quot;background_slideshow_slide_duration&quot;:5000,&quot;background_slideshow_slide_transition&quot;:&quot;fade&quot;,&quot;background_slideshow_transition_duration&quot;:500}\">\n\t\t\t<div class=\"elementor-widget-wrap elementor-element-populated\">\n\t\t\t\t\t\t\t\t<div class=\"elementor-element elementor-element-5323b97f elementor-widget elementor-widget-spacer\" data-id=\"5323b97f\" data-element_type=\"widget\" data-widget_type=\"spacer.default\">\n\t\t\t\t<div class=\"elementor-widget-container\">\n\t\t\t\t\t<div class=\"elementor-spacer\">\n\t\t\t<div class=\"elementor-spacer-inner\"><\/div>\n\t\t<\/div>\n\t\t\t\t<\/div>\n\t\t\t\t<\/div>\n\t\t\t\t<div class=\"elementor-element elementor-element-3d8aebd4 elementor-widget elementor-widget-heading\" data-id=\"3d8aebd4\" data-element_type=\"widget\" data-widget_type=\"heading.default\">\n\t\t\t\t<div class=\"elementor-widget-container\">\n\t\t\t<h1 class=\"elementor-heading-title elementor-size-xxl\">Harkkovalut<\/h1>\t\t<\/div>\n\t\t\t\t<\/div>\n\t\t\t\t<div class=\"elementor-element elementor-element-6a955a74 elementor-widget elementor-widget-spacer\" data-id=\"6a955a74\" data-element_type=\"widget\" data-widget_type=\"spacer.default\">\n\t\t\t\t<div class=\"elementor-widget-container\">\n\t\t\t\t\t<div class=\"elementor-spacer\">\n\t\t\t<div class=\"elementor-spacer-inner\"><\/div>\n\t\t<\/div>\n\t\t\t\t<\/div>\n\t\t\t\t<\/div>\n\t\t\t\t\t<\/div>\n\t\t<\/div>\n\t\t\t\t\t\t\t<\/div>\n\t\t<\/section>\n\t\t\t\t<section class=\"elementor-section elementor-top-section elementor-element elementor-element-d5b3239 elementor-section-boxed elementor-section-height-default elementor-section-height-default elementor-invisible\" data-id=\"d5b3239\" data-element_type=\"section\" data-settings=\"{&quot;animation&quot;:&quot;fadeIn&quot;,&quot;background_background&quot;:&quot;classic&quot;}\">\n\t\t\t\t\t\t<div class=\"elementor-container elementor-column-gap-default\">\n\t\t\t\t\t<div class=\"elementor-column elementor-col-100 elementor-top-column elementor-element elementor-element-3ba27de\" data-id=\"3ba27de\" data-element_type=\"column\">\n\t\t\t<div class=\"elementor-widget-wrap elementor-element-populated\">\n\t\t\t\t\t\t\t\t<div class=\"elementor-element elementor-element-9af40b4 elementor-widget elementor-widget-text-editor\" data-id=\"9af40b4\" data-element_type=\"widget\" data-widget_type=\"text-editor.default\">\n\t\t\t\t<div class=\"elementor-widget-container\">\n\t\t\t\t\t\t\t<h3>Katso miten harkkovaluja tehd\u00e4\u00e4n k\u00e4yt\u00e4nn\u00f6ss\u00e4<\/h3>\n<p>Harkkovalussa tulee huomioida, ett\u00e4 harkot on ladottu ohjeiden mukaan. K\u00e4ytett\u00e4v\u00e4 betoni voi olla joko s\u00e4\u00e4nkest\u00e4v\u00e4\u00e4 tai tavallista. Oleellista on kuitenkin, ett\u00e4 k\u00e4ytett\u00e4v\u00e4 betoni on riitt\u00e4v\u00e4n notkeaa, jotta betoni levi\u00e4\u00e4 hyvin harkkojen sis\u00e4lle.<\/p>\n<p>Harkot tulee my\u00f6s kastella ennen valua mielell\u00e4\u00e4n jo edellisen\u00e4 p\u00e4iv\u00e4n\u00e4 (ei kuitenkaan talvella). Kuivat harkot imev\u00e4t betonista kaiken kosteuden jo valuvaiheessa ja saattavat aiheuttaa ilmataskujen j\u00e4\u00e4misen harkkojen sis\u00e4\u00e4n. Harkkovaluissa k\u00e4ytet\u00e4\u00e4nkin aina vibraa, joka pit\u00e4\u00e4 massan juoksevana. Suositus harkkovaluun on n. 1,5 m sein\u00e4\u00e4 per valukerta ja seuraavan valun voi tehd\u00e4 jo vuorokauden kuluttua.<\/p>\t\t\t\t\t\t<\/div>\n\t\t\t\t<\/div>\n\t\t\t\t<div class=\"elementor-element elementor-element-ab9283d elementor-aspect-ratio-169 elementor-widget elementor-widget-video\" data-id=\"ab9283d\" data-element_type=\"widget\" data-settings=\"{&quot;youtube_url&quot;:&quot;https:\\\/\\\/www.youtube.com\\\/watch?v=D61OFIVjUCY&quot;,&quot;video_type&quot;:&quot;youtube&quot;,&quot;controls&quot;:&quot;yes&quot;,&quot;aspect_ratio&quot;:&quot;169&quot;}\" data-widget_type=\"video.default\">\n\t\t\t\t<div class=\"elementor-widget-container\">\n\t\t\t\t\t<div class=\"elementor-wrapper elementor-fit-aspect-ratio elementor-open-inline\">\n\t\t\t<div class=\"elementor-video\"><\/div>\t\t<\/div>\n\t\t\t\t<\/div>\n\t\t\t\t<\/div>\n\t\t\t\t\t<\/div>\n\t\t<\/div>\n\t\t\t\t\t\t\t<\/div>\n\t\t<\/section>\n\t\t\t\t<section class=\"elementor-section elementor-top-section elementor-element elementor-element-c26f567 elementor-section-boxed elementor-section-height-default elementor-section-height-default elementor-invisible\" data-id=\"c26f567\" data-element_type=\"section\" data-settings=\"{&quot;animation&quot;:&quot;fadeIn&quot;}\">\n\t\t\t\t\t\t<div class=\"elementor-container elementor-column-gap-default\">\n\t\t\t\t\t<div class=\"elementor-column elementor-col-100 elementor-top-column elementor-element elementor-element-51bdaae\" data-id=\"51bdaae\" data-element_type=\"column\">\n\t\t\t<div class=\"elementor-widget-wrap elementor-element-populated\">\n\t\t\t\t\t\t\t\t<div class=\"elementor-element elementor-element-548c978 elementor-widget elementor-widget-spacer\" data-id=\"548c978\" data-element_type=\"widget\" data-widget_type=\"spacer.default\">\n\t\t\t\t<div class=\"elementor-widget-container\">\n\t\t\t\t\t<div class=\"elementor-spacer\">\n\t\t\t<div class=\"elementor-spacer-inner\"><\/div>\n\t\t<\/div>\n\t\t\t\t<\/div>\n\t\t\t\t<\/div>\n\t\t\t\t\t<\/div>\n\t\t<\/div>\n\t\t\t\t\t\t\t<\/div>\n\t\t<\/section>\n\t\t\t\t<section class=\"elementor-section elementor-top-section elementor-element elementor-element-6da08e59 elementor-section-boxed elementor-section-height-default elementor-section-height-default elementor-invisible\" data-id=\"6da08e59\" data-element_type=\"section\" data-settings=\"{&quot;animation&quot;:&quot;fadeIn&quot;,&quot;animation_mobile&quot;:&quot;fadeIn&quot;,&quot;background_background&quot;:&quot;gradient&quot;,&quot;shape_divider_top&quot;:&quot;triangle-asymmetrical&quot;,&quot;shape_divider_top_negative&quot;:&quot;yes&quot;}\">\n\t\t\t\t\t<div class=\"elementor-shape elementor-shape-top\" data-negative=\"true\">\n\t\t\t<svg xmlns=\"http:\/\/www.w3.org\/2000\/svg\" viewBox=\"0 0 1000 100\" preserveAspectRatio=\"none\">\n\t<path class=\"elementor-shape-fill\" d=\"M737.9,94.7L0,0v100h1000V0L737.9,94.7z\"\/>\n<\/svg>\t\t<\/div>\n\t\t\t\t\t<div class=\"elementor-container elementor-column-gap-default\">\n\t\t\t\t\t<div class=\"elementor-column elementor-col-100 elementor-top-column elementor-element elementor-element-5efc05fd\" data-id=\"5efc05fd\" data-element_type=\"column\">\n\t\t\t<div class=\"elementor-widget-wrap elementor-element-populated\">\n\t\t\t\t\t\t\t\t<div class=\"elementor-element elementor-element-2ba8d35a elementor-widget elementor-widget-spacer\" data-id=\"2ba8d35a\" data-element_type=\"widget\" data-widget_type=\"spacer.default\">\n\t\t\t\t<div class=\"elementor-widget-container\">\n\t\t\t\t\t<div class=\"elementor-spacer\">\n\t\t\t<div class=\"elementor-spacer-inner\"><\/div>\n\t\t<\/div>\n\t\t\t\t<\/div>\n\t\t\t\t<\/div>\n\t\t\t\t<div class=\"elementor-element elementor-element-59f5708e elementor-widget elementor-widget-heading\" data-id=\"59f5708e\" data-element_type=\"widget\" data-widget_type=\"heading.default\">\n\t\t\t\t<div class=\"elementor-widget-container\">\n\t\t\t<h2 class=\"elementor-heading-title elementor-size-default\">Pyyd\u00e4 tarjous projektillesi<\/h2>\t\t<\/div>\n\t\t\t\t<\/div>\n\t\t\t\t<div class=\"elementor-element elementor-element-2e67e794 elementor-widget elementor-widget-text-editor\" data-id=\"2e67e794\" data-element_type=\"widget\" data-widget_type=\"text-editor.default\">\n\t\t\t\t<div class=\"elementor-widget-container\">\n\t\t\t\t\t\t\t<p class=\"p1\">Tiedustele eri betoniratkaisuistamme tai kysy tarjous projektillesi. Olemme teihin yhteydess\u00e4 yhden arkip\u00e4iv\u00e4n sis\u00e4ll\u00e4.<\/p>\t\t\t\t\t\t<\/div>\n\t\t\t\t<\/div>\n\t\t\t\t<div class=\"elementor-element elementor-element-6466d7e3 elementor-widget elementor-widget-spacer\" data-id=\"6466d7e3\" data-element_type=\"widget\" data-widget_type=\"spacer.default\">\n\t\t\t\t<div class=\"elementor-widget-container\">\n\t\t\t\t\t<div class=\"elementor-spacer\">\n\t\t\t<div class=\"elementor-spacer-inner\"><\/div>\n\t\t<\/div>\n\t\t\t\t<\/div>\n\t\t\t\t<\/div>\n\t\t\t\t<div class=\"elementor-element elementor-element-58d8ee1b elementor-widget elementor-widget-button\" data-id=\"58d8ee1b\" data-element_type=\"widget\" data-widget_type=\"button.default\">\n\t\t\t\t<div class=\"elementor-widget-container\">\n\t\t\t\t\t<div class=\"elementor-button-wrapper\">\n\t\t\t<a href=\"http:\/\/167.99.47.234\/index.php\/tarjouspyynto\/\" class=\"elementor-button-link elementor-button elementor-size-sm\" role=\"button\">\n\t\t\t\t\t\t<span class=\"elementor-button-content-wrapper\">\n\t\t\t\t\t\t<span class=\"elementor-button-text\">L\u00c4HET\u00c4 TARJOUSPYYNT\u00d6<\/span>\n\t\t<\/span>\n\t\t\t\t\t<\/a>\n\t\t<\/div>\n\t\t\t\t<\/div>\n\t\t\t\t<\/div>\n\t\t\t\t<div class=\"elementor-element elementor-element-238ebc2a elementor-widget elementor-widget-spacer\" data-id=\"238ebc2a\" data-element_type=\"widget\" data-widget_type=\"spacer.default\">\n\t\t\t\t<div class=\"elementor-widget-container\">\n\t\t\t\t\t<div class=\"elementor-spacer\">\n\t\t\t<div class=\"elementor-spacer-inner\"><\/div>\n\t\t<\/div>\n\t\t\t\t<\/div>\n\t\t\t\t<\/div>\n\t\t\t\t\t<\/div>\n\t\t<\/div>\n\t\t\t\t\t\t\t<\/div>\n\t\t<\/section>\n\t\t\t\t\t\t<\/div>\n\t\t\t\t\t<\/div>\n\t\t","protected":false},"excerpt":{"rendered":"<p>Harkkovalut Katso miten harkkovaluja tehd\u00e4\u00e4n k\u00e4yt\u00e4nn\u00f6ss\u00e4 Harkkovalussa tulee huomioida, ett\u00e4 harkot on ladottu ohjeiden mukaan. K\u00e4ytett\u00e4v\u00e4 betoni voi olla joko s\u00e4\u00e4nkest\u00e4v\u00e4\u00e4 tai tavallista. Oleellista on kuitenkin, ett\u00e4 k\u00e4ytett\u00e4v\u00e4 betoni on&#8230;<\/p>\n","protected":false},"author":1,"featured_media":4455,"parent":5557,"menu_order":0,"comment_status":"closed","ping_status":"closed","template":"elementor_header_footer","meta":{"footnotes":""},"class_list":["post-5584","page","type-page","status-publish","has-post-thumbnail","hentry"],"_links":{"self":[{"href":"http:\/\/167.99.47.234\/index.php\/wp-json\/wp\/v2\/pages\/5584","targetHints":{"allow":["GET"]}}],"collection":[{"href":"http:\/\/167.99.47.234\/index.php\/wp-json\/wp\/v2\/pages"}],"about":[{"href":"http:\/\/167.99.47.234\/index.php\/wp-json\/wp\/v2\/types\/page"}],"author":[{"embeddable":true,"href":"http:\/\/167.99.47.234\/index.php\/wp-json\/wp\/v2\/users\/1"}],"replies":[{"embeddable":true,"href":"http:\/\/167.99.47.234\/index.php\/wp-json\/wp\/v2\/comments?post=5584"}],"version-history":[{"count":17,"href":"http:\/\/167.99.47.234\/index.php\/wp-json\/wp\/v2\/pages\/5584\/revisions"}],"predecessor-version":[{"id":6549,"href":"http:\/\/167.99.47.234\/index.php\/wp-json\/wp\/v2\/pages\/5584\/revisions\/6549"}],"up":[{"embeddable":true,"href":"http:\/\/167.99.47.234\/index.php\/wp-json\/wp\/v2\/pages\/5557"}],"wp:featuredmedia":[{"embeddable":true,"href":"http:\/\/167.99.47.234\/index.php\/wp-json\/wp\/v2\/media\/4455"}],"wp:attachment":[{"href":"http:\/\/167.99.47.234\/index.php\/wp-json\/wp\/v2\/media?parent=5584"}],"curies":[{"name":"wp","href":"https:\/\/api.w.org\/{rel}","templated":true}]}}